{"id":248,"date":"2025-08-14T13:38:48","date_gmt":"2025-08-14T13:38:48","guid":{"rendered":"https:\/\/ecovogue.art\/?page_id=248"},"modified":"2025-08-14T14:31:20","modified_gmt":"2025-08-14T14:31:20","slug":"les-pierres-naturelles","status":"publish","type":"page","link":"https:\/\/ecovogue.art\/en\/les-pierres-naturelles\/","title":{"rendered":"LES PIERRES NATURELLES"},"content":{"rendered":"<div class=\"wp-block-cover is-light\"><img loading=\"lazy\" decoding=\"async\" width=\"1024\" height=\"461\" class=\"wp-block-cover__image-background wp-image-105 size-large\" alt=\"\" src=\"https:\/\/ecovogue.art\/wp-content\/uploads\/2025\/08\/IMG_20250810_104047_854-1-1-1024x461.png\" data-object-fit=\"cover\" srcset=\"https:\/\/ecovogue.art\/wp-content\/uploads\/2025\/08\/IMG_20250810_104047_854-1-1-1024x461.png 1024w, https:\/\/ecovogue.art\/wp-content\/uploads\/2025\/08\/IMG_20250810_104047_854-1-1-300x135.png 300w, https:\/\/ecovogue.art\/wp-content\/uploads\/2025\/08\/IMG_20250810_104047_854-1-1-768x346.png 768w, https:\/\/ecovogue.art\/wp-content\/uploads\/2025\/08\/IMG_20250810_104047_854-1-1-18x8.png 18w, https:\/\/ecovogue.art\/wp-content\/uploads\/2025\/08\/IMG_20250810_104047_854-1-1-600x270.png 600w, https:\/\/ecovogue.art\/wp-content\/uploads\/2025\/08\/IMG_20250810_104047_854-1-1.png 1080w\" sizes=\"auto, (max-width: 1024px) 100vw, 1024px\" \/><span aria-hidden=\"true\" class=\"wp-block-cover__background has-background-dim\" style=\"background-color:#f9f9f8\"><\/span><div class=\"wp-block-cover__inner-container has-global-padding is-layout-constrained wp-block-cover-is-layout-constrained\">\n<p class=\"has-text-align-center has-large-font-size\"><\/p>\n<\/div><\/div>\n\n\n\n<h2 class=\"wp-block-heading\">OEIL DE TIGRE<\/h2>\n\n\n\n<div class=\"wp-block-media-text is-stacked-on-mobile\"><figure class=\"wp-block-media-text__media\"><img loading=\"lazy\" decoding=\"async\" width=\"1024\" height=\"461\" src=\"https:\/\/ecovogue.art\/wp-content\/uploads\/2025\/08\/IMG_20250721_160740_700-1024x461.png\" alt=\"\" class=\"wp-image-255 size-full\" srcset=\"https:\/\/ecovogue.art\/wp-content\/uploads\/2025\/08\/IMG_20250721_160740_700-1024x461.png 1024w, https:\/\/ecovogue.art\/wp-content\/uploads\/2025\/08\/IMG_20250721_160740_700-300x135.png 300w, https:\/\/ecovogue.art\/wp-content\/uploads\/2025\/08\/IMG_20250721_160740_700-768x346.png 768w, https:\/\/ecovogue.art\/wp-content\/uploads\/2025\/08\/IMG_20250721_160740_700-18x8.png 18w, https:\/\/ecovogue.art\/wp-content\/uploads\/2025\/08\/IMG_20250721_160740_700-600x270.png 600w, https:\/\/ecovogue.art\/wp-content\/uploads\/2025\/08\/IMG_20250721_160740_700.png 1080w\" sizes=\"auto, (max-width: 1024px) 100vw, 1024px\" \/><\/figure><div class=\"wp-block-media-text__content\">\n<p>D\u00e9couvrez la <strong>pierre naturelle \u0152il de Tigre<\/strong>, r\u00e9put\u00e9e pour ses vertus protectrices, \u00e9nergisantes et \u00e9quilibrantes. Que vous soyez \u00e0 la recherche d\u2019un <strong>bracelet en \u0153il de tigre<\/strong>, d\u2019un <strong>collier ou pendentif en pierre naturelle<\/strong>, cette pierre semi-pr\u00e9cieuse est id\u00e9ale pour harmoniser votre \u00e9nergie au quotidien.<\/p>\n<\/div><\/div>\n\n\n\n<figure class=\"wp-block-gallery has-nested-images columns-default is-cropped wp-block-gallery-1 is-layout-flex wp-block-gallery-is-layout-flex\">\n<figure class=\"wp-block-image size-large\"><img loading=\"lazy\" decoding=\"async\" width=\"1024\" height=\"461\" data-id=\"249\" src=\"https:\/\/ecovogue.art\/wp-content\/uploads\/2025\/08\/IMG_20250810_104047_854-1-3-1024x461.png\" alt=\"\" class=\"wp-image-249\" srcset=\"https:\/\/ecovogue.art\/wp-content\/uploads\/2025\/08\/IMG_20250810_104047_854-1-3-1024x461.png 1024w, https:\/\/ecovogue.art\/wp-content\/uploads\/2025\/08\/IMG_20250810_104047_854-1-3-300x135.png 300w, https:\/\/ecovogue.art\/wp-content\/uploads\/2025\/08\/IMG_20250810_104047_854-1-3-768x346.png 768w, https:\/\/ecovogue.art\/wp-content\/uploads\/2025\/08\/IMG_20250810_104047_854-1-3-18x8.png 18w, https:\/\/ecovogue.art\/wp-content\/uploads\/2025\/08\/IMG_20250810_104047_854-1-3-600x270.png 600w, https:\/\/ecovogue.art\/wp-content\/uploads\/2025\/08\/IMG_20250810_104047_854-1-3.png 1080w\" sizes=\"auto, (max-width: 1024px) 100vw, 1024px\" \/><\/figure>\n\n\n\n<figure class=\"wp-block-image size-large\"><img loading=\"lazy\" decoding=\"async\" width=\"461\" height=\"1024\" data-id=\"184\" src=\"https:\/\/ecovogue.art\/wp-content\/uploads\/2025\/08\/IMG_20250721_160338_772-461x1024.png\" alt=\"\" class=\"wp-image-184\" srcset=\"https:\/\/ecovogue.art\/wp-content\/uploads\/2025\/08\/IMG_20250721_160338_772-461x1024.png 461w, https:\/\/ecovogue.art\/wp-content\/uploads\/2025\/08\/IMG_20250721_160338_772-135x300.png 135w, https:\/\/ecovogue.art\/wp-content\/uploads\/2025\/08\/IMG_20250721_160338_772-5x12.png 5w, https:\/\/ecovogue.art\/wp-content\/uploads\/2025\/08\/IMG_20250721_160338_772.png 486w\" sizes=\"auto, (max-width: 461px) 100vw, 461px\" \/><\/figure>\n<\/figure>\n\n\n\n<div class=\"wp-block-buttons is-layout-flex wp-block-buttons-is-layout-flex\">\n<div class=\"wp-block-button\"><a class=\"wp-block-button__link wp-element-button\" href=\"https:\/\/ecovogue.art\/en\/pierre-oeil-de-tigre\/\">EN SAVOIR PLUS<\/a><\/div>\n<\/div>\n\n\n\n<div class=\"wp-block-media-text is-stacked-on-mobile\"><figure class=\"wp-block-media-text__media\"><img loading=\"lazy\" decoding=\"async\" width=\"1024\" height=\"461\" src=\"https:\/\/ecovogue.art\/wp-content\/uploads\/2025\/08\/IMG_20250810_103940_532-1-1-1024x461.png\" alt=\"\" class=\"wp-image-254 size-full\" srcset=\"https:\/\/ecovogue.art\/wp-content\/uploads\/2025\/08\/IMG_20250810_103940_532-1-1-1024x461.png 1024w, https:\/\/ecovogue.art\/wp-content\/uploads\/2025\/08\/IMG_20250810_103940_532-1-1-300x135.png 300w, https:\/\/ecovogue.art\/wp-content\/uploads\/2025\/08\/IMG_20250810_103940_532-1-1-768x346.png 768w, https:\/\/ecovogue.art\/wp-content\/uploads\/2025\/08\/IMG_20250810_103940_532-1-1-18x8.png 18w, https:\/\/ecovogue.art\/wp-content\/uploads\/2025\/08\/IMG_20250810_103940_532-1-1-600x270.png 600w, https:\/\/ecovogue.art\/wp-content\/uploads\/2025\/08\/IMG_20250810_103940_532-1-1.png 1080w\" sizes=\"auto, (max-width: 1024px) 100vw, 1024px\" \/><\/figure><div class=\"wp-block-media-text__content\">\n<h2 class=\"wp-block-heading has-text-align-center\">LA PIERRE NATURELLE AGATE<\/h2>\n\n\n\n<p>D\u00e9couvrez l\u2019<strong>Agate<\/strong>, la <strong>pierre naturelle<\/strong> qui apporte <strong>\u00e9quilibre, s\u00e9r\u00e9nit\u00e9 et protection<\/strong> \u00e0 votre vie. Adapt\u00e9e aux <strong>hommes, femmes et enfants<\/strong>, elle favorise la <strong>confiance en soi<\/strong>, l\u2019<strong>harmonie \u00e9motionnelle<\/strong> et prot\u00e8ge contre les \u00e9nergies<\/p>\n\n\n\n<div class=\"wp-block-buttons is-layout-flex wp-block-buttons-is-layout-flex\">\n<div class=\"wp-block-button\"><a class=\"wp-block-button__link wp-element-button\" href=\"https:\/\/ecovogue.art\/en\/la-pierre-naturelle-agate\/\">EN SAVOIR PLUS&#8230;..<\/a><\/div>\n<\/div>\n\n\n\n<h2 class=\"wp-block-heading\"><\/h2>\n<\/div><\/div>\n\n\n\n<figure class=\"wp-block-gallery has-nested-images columns-default is-cropped wp-block-gallery-2 is-layout-flex wp-block-gallery-is-layout-flex\">\n<figure class=\"wp-block-image size-large\"><img loading=\"lazy\" decoding=\"async\" width=\"1024\" height=\"461\" data-id=\"183\" src=\"https:\/\/ecovogue.art\/wp-content\/uploads\/2025\/08\/IMG_20250721_160302_527-1024x461.png\" alt=\"\" class=\"wp-image-183\" srcset=\"https:\/\/ecovogue.art\/wp-content\/uploads\/2025\/08\/IMG_20250721_160302_527-1024x461.png 1024w, https:\/\/ecovogue.art\/wp-content\/uploads\/2025\/08\/IMG_20250721_160302_527-300x135.png 300w, https:\/\/ecovogue.art\/wp-content\/uploads\/2025\/08\/IMG_20250721_160302_527-768x346.png 768w, https:\/\/ecovogue.art\/wp-content\/uploads\/2025\/08\/IMG_20250721_160302_527-18x8.png 18w, https:\/\/ecovogue.art\/wp-content\/uploads\/2025\/08\/IMG_20250721_160302_527-600x270.png 600w, https:\/\/ecovogue.art\/wp-content\/uploads\/2025\/08\/IMG_20250721_160302_527.png 1080w\" sizes=\"auto, (max-width: 1024px) 100vw, 1024px\" \/><\/figure>\n\n\n\n<figure class=\"wp-block-image size-large\"><img loading=\"lazy\" decoding=\"async\" width=\"461\" height=\"1024\" data-id=\"182\" src=\"https:\/\/ecovogue.art\/wp-content\/uploads\/2025\/08\/IMG_20250721_160229_996-461x1024.png\" alt=\"\" class=\"wp-image-182\" srcset=\"https:\/\/ecovogue.art\/wp-content\/uploads\/2025\/08\/IMG_20250721_160229_996-461x1024.png 461w, https:\/\/ecovogue.art\/wp-content\/uploads\/2025\/08\/IMG_20250721_160229_996-135x300.png 135w, https:\/\/ecovogue.art\/wp-content\/uploads\/2025\/08\/IMG_20250721_160229_996-5x12.png 5w, https:\/\/ecovogue.art\/wp-content\/uploads\/2025\/08\/IMG_20250721_160229_996.png 486w\" sizes=\"auto, (max-width: 461px) 100vw, 461px\" \/><\/figure>\n\n\n\n<figure class=\"wp-block-image size-large\"><img loading=\"lazy\" decoding=\"async\" width=\"461\" height=\"1024\" data-id=\"181\" src=\"https:\/\/ecovogue.art\/wp-content\/uploads\/2025\/08\/IMG_20250721_160213_176-461x1024.png\" alt=\"\" class=\"wp-image-181\" srcset=\"https:\/\/ecovogue.art\/wp-content\/uploads\/2025\/08\/IMG_20250721_160213_176-461x1024.png 461w, https:\/\/ecovogue.art\/wp-content\/uploads\/2025\/08\/IMG_20250721_160213_176-135x300.png 135w, https:\/\/ecovogue.art\/wp-content\/uploads\/2025\/08\/IMG_20250721_160213_176-5x12.png 5w, https:\/\/ecovogue.art\/wp-content\/uploads\/2025\/08\/IMG_20250721_160213_176.png 486w\" sizes=\"auto, (max-width: 461px) 100vw, 461px\" \/><\/figure>\n<\/figure>\n\n\n\n<h2 class=\"wp-block-heading\">PIERRE DU SOLEIL<\/h2>\n\n\n\n<div class=\"wp-block-media-text is-stacked-on-mobile\"><figure class=\"wp-block-media-text__media\"><img loading=\"lazy\" decoding=\"async\" width=\"1024\" height=\"461\" src=\"https:\/\/ecovogue.art\/wp-content\/uploads\/2025\/08\/IMG_20250810_103821_624-1-1024x461.png\" alt=\"\" class=\"wp-image-107 size-full\" srcset=\"https:\/\/ecovogue.art\/wp-content\/uploads\/2025\/08\/IMG_20250810_103821_624-1-1024x461.png 1024w, https:\/\/ecovogue.art\/wp-content\/uploads\/2025\/08\/IMG_20250810_103821_624-1-300x135.png 300w, https:\/\/ecovogue.art\/wp-content\/uploads\/2025\/08\/IMG_20250810_103821_624-1-768x346.png 768w, https:\/\/ecovogue.art\/wp-content\/uploads\/2025\/08\/IMG_20250810_103821_624-1-18x8.png 18w, https:\/\/ecovogue.art\/wp-content\/uploads\/2025\/08\/IMG_20250810_103821_624-1-600x270.png 600w, https:\/\/ecovogue.art\/wp-content\/uploads\/2025\/08\/IMG_20250810_103821_624-1.png 1080w\" sizes=\"auto, (max-width: 1024px) 100vw, 1024px\" \/><\/figure><div class=\"wp-block-media-text__content\">\n<p>D\u00e9couvrez la <strong>Pierre du Soleil<\/strong>, la <strong>pierre naturelle<\/strong> qui apporte <strong>\u00e9nergie, positivit\u00e9 et confiance en soi<\/strong>. Adapt\u00e9e aux <strong>hommes, femmes et enfants<\/strong>, elle stimule la <strong>joie de vivre<\/strong>, \u00e9loigne les \u00e9nergies n\u00e9gatives et favorise le bien-\u00eatre quotidien.<\/p>\n\n\n\n<div class=\"wp-block-buttons is-layout-flex wp-block-buttons-is-layout-flex\">\n<div class=\"wp-block-button\"><a class=\"wp-block-button__link wp-element-button\" href=\"https:\/\/ecovogue.art\/en\/la-pierre-naturelle-agate\/\">EN SAVOIR PLUS <\/a><\/div>\n<\/div>\n<\/div><\/div>\n\n\n\n<p><\/p>\n\n\n\n<h2 class=\"wp-block-heading\">PIERRE OEIL DE FATIMA<\/h2>\n\n\n\n<div class=\"wp-block-media-text is-stacked-on-mobile\"><figure class=\"wp-block-media-text__media\"><img loading=\"lazy\" decoding=\"async\" width=\"1024\" height=\"461\" src=\"https:\/\/ecovogue.art\/wp-content\/uploads\/2025\/08\/IMG_20250810_103912_466-1-1024x461.png\" alt=\"\" class=\"wp-image-95 size-full\" srcset=\"https:\/\/ecovogue.art\/wp-content\/uploads\/2025\/08\/IMG_20250810_103912_466-1-1024x461.png 1024w, https:\/\/ecovogue.art\/wp-content\/uploads\/2025\/08\/IMG_20250810_103912_466-1-300x135.png 300w, https:\/\/ecovogue.art\/wp-content\/uploads\/2025\/08\/IMG_20250810_103912_466-1-768x346.png 768w, https:\/\/ecovogue.art\/wp-content\/uploads\/2025\/08\/IMG_20250810_103912_466-1-18x8.png 18w, https:\/\/ecovogue.art\/wp-content\/uploads\/2025\/08\/IMG_20250810_103912_466-1-600x270.png 600w, https:\/\/ecovogue.art\/wp-content\/uploads\/2025\/08\/IMG_20250810_103912_466-1.png 1080w\" sizes=\"auto, (max-width: 1024px) 100vw, 1024px\" \/><\/figure><div class=\"wp-block-media-text__content\">\n<p>D\u00e9couvrez l\u2019<strong>\u0152il de Fatima<\/strong>, la <strong>pierre naturelle protectrice<\/strong> qui attire la <strong>chance<\/strong>, \u00e9loigne les <strong>\u00e9nergies n\u00e9gatives<\/strong> et apporte <strong>s\u00e9r\u00e9nit\u00e9<\/strong> et <strong>\u00e9quilibre<\/strong> \u00e0 votre quotidien. Que vous soyez <strong>homme, femme ou enfant<\/strong>, ce bijou \u00e9nerg\u00e9tique est id\u00e9al pour harmoniser vos \u00e9nergies et renforcer votre bien-\u00eatre.<\/p>\n\n\n\n<div class=\"wp-block-buttons is-layout-flex wp-block-buttons-is-layout-flex\">\n<div class=\"wp-block-button\"><a class=\"wp-block-button__link wp-element-button\" href=\"https:\/\/ecovogue.art\/en\/pierre-oeil-de-fatima\/\">EN SAVOIR PLUS <\/a><\/div>\n<\/div>\n<\/div><\/div>\n\n\n\n<p><\/p>","protected":false},"excerpt":{"rendered":"<p>OEIL DE TIGRE D\u00e9couvrez la pierre naturelle \u0152il de Tigre, r\u00e9put\u00e9e pour ses vertus protectrices, \u00e9nergisantes et \u00e9quilibrantes. Que vous soyez \u00e0 la recherche d\u2019un bracelet en \u0153il de tigre, d\u2019un collier ou pendentif en pierre naturelle, cette pierre semi-pr\u00e9cieuse est id\u00e9ale pour harmoniser votre \u00e9nergie au quotidien. PIERRE DU SOLEIL PIERRE OEIL DE FATIMA<\/p>","protected":false},"author":1,"featured_media":0,"parent":0,"menu_order":0,"comment_status":"closed","ping_status":"closed","template":"","meta":{"footnotes":""},"class_list":["post-248","page","type-page","status-publish","hentry"],"_hostinger_reach_plugin_has_subscription_block":false,"_hostinger_reach_plugin_is_elementor":false,"_links":{"self":[{"href":"https:\/\/ecovogue.art\/en\/wp-json\/wp\/v2\/pages\/248","targetHints":{"allow":["GET"]}}],"collection":[{"href":"https:\/\/ecovogue.art\/en\/wp-json\/wp\/v2\/pages"}],"about":[{"href":"https:\/\/ecovogue.art\/en\/wp-json\/wp\/v2\/types\/page"}],"author":[{"embeddable":true,"href":"https:\/\/ecovogue.art\/en\/wp-json\/wp\/v2\/users\/1"}],"replies":[{"embeddable":true,"href":"https:\/\/ecovogue.art\/en\/wp-json\/wp\/v2\/comments?post=248"}],"version-history":[{"count":7,"href":"https:\/\/ecovogue.art\/en\/wp-json\/wp\/v2\/pages\/248\/revisions"}],"predecessor-version":[{"id":282,"href":"https:\/\/ecovogue.art\/en\/wp-json\/wp\/v2\/pages\/248\/revisions\/282"}],"wp:attachment":[{"href":"https:\/\/ecovogue.art\/en\/wp-json\/wp\/v2\/media?parent=248"}],"curies":[{"name":"wp","href":"https:\/\/api.w.org\/{rel}","templated":true}]}}