{"id":25,"date":"2025-08-12T12:21:20","date_gmt":"2025-08-12T12:21:20","guid":{"rendered":"https:\/\/blueviolet-rail-812196.hostingersite.com\/about\/"},"modified":"2025-08-14T11:15:36","modified_gmt":"2025-08-14T11:15:36","slug":"about","status":"publish","type":"page","link":"https:\/\/ecovogue.art\/en\/about\/","title":{"rendered":"QUI SOMMES-NOUS"},"content":{"rendered":"<div class=\"wp-block-group alignfull hostinger-ai-about-us-3 hostinger-ai-fade-up has-global-padding is-layout-constrained wp-block-group-is-layout-constrained\" data-aos=\"fade-up\">\n<div class=\"wp-block-group alignwide hostinger-ai-fade-up is-layout-grid wp-container-core-group-is-layout-422a8eaf wp-block-group-is-layout-grid\" data-aos=\"fade-up\" style=\"padding-top:var(--wp--preset--spacing--60);padding-right:0;padding-bottom:var(--wp--preset--spacing--60);padding-left:0\">\n<div class=\"wp-block-group hostinger-ai-fade-up wp-container-content-5e2576f9 is-vertical is-content-justification-left is-nowrap is-layout-flex wp-container-core-group-is-layout-f26a4d82 wp-block-group-is-layout-flex\" data-aos=\"fade-up\" style=\"padding-right:var(--wp--preset--spacing--60);padding-left:0\">\n<h2 class=\"wp-block-heading hostinger-ai-title has-dark-color has-text-color has-link-color has-x-large-font-size wp-elements-d773401574d17ed72669136da3eb4f42\" style=\"margin-top:0;margin-right:0;margin-bottom:0;margin-left:0;padding-bottom:var(--wp--preset--spacing--20)\"> Ecovogue<\/h2>\n\n\n\n<p class=\"hostinger-ai-description has-dark-color has-text-color has-link-color has-medium-font-size wp-elements-8d9cd6a7905ac3c25b8800fcb5f342c0\" style=\"margin-top:0;margin-bottom:var(--wp--preset--spacing--50)\">Chez <strong>ECOVOGUE<\/strong>, nous croyons qu\u2019un accessoire de mode peut faire bien plus que sublimer une tenue : il peut <strong>raconter une histoire<\/strong>, <strong>r\u00e9v\u00e9ler une personnalit\u00e9<\/strong> et <strong>changer le monde<\/strong>.<\/p>\n\n\n\n<p class=\"hostinger-ai-description has-dark-color has-text-color has-link-color has-medium-font-size wp-elements-fefb4aea063ff6effe1bd50a5c778884\" style=\"margin-top:0;margin-bottom:var(--wp--preset--spacing--50)\">N\u00e9e au c\u0153ur du B\u00e9nin, ECOVOGUE est une marque d\u2019<strong>accessoires de mode durable<\/strong> cr\u00e9\u00e9e pour c\u00e9l\u00e9brer la <strong>beaut\u00e9<\/strong>, la <strong>s\u00e9duction<\/strong> et la <strong>protection de notre plan\u00e8te<\/strong>. Chaque pi\u00e8ce que nous imaginons est confectionn\u00e9e avec passion \u00e0 partir de <strong>chambres \u00e0 air recycl\u00e9es<\/strong>, de <strong>pagne africain<\/strong> et d\u2019autres mati\u00e8res r\u00e9cup\u00e9r\u00e9es,.<\/p>\n\n\n\n<div class=\"wp-block-buttons is-layout-flex wp-block-buttons-is-layout-flex\">\n<div class=\"wp-block-button hostinger-ai-cta-button hostinger-index-0\"><a class=\"wp-block-button__link has-dark-color has-text-color has-link-color has-border-color has-medium-font-size has-custom-font-size wp-element-button\" href=\"https:\/\/ecovogue.art\/en\/a-propos-de-nous\/\" style=\"border-color:#0d141a;border-width:1px;border-radius:50px;padding-top:var(--wp--preset--spacing--30);padding-right:var(--wp--preset--spacing--70);padding-bottom:var(--wp--preset--spacing--30);padding-left:var(--wp--preset--spacing--70);box-shadow:none\">lire la suite<\/a><\/div>\n<\/div>\n<\/div>\n\n\n\n<div class=\"wp-block-group hostinger-ai-fade-up is-layout-grid wp-container-core-group-is-layout-478b6e6b wp-block-group-is-layout-grid\" data-aos=\"fade-up\">\n<figure class=\"wp-block-image size-full has-custom-border hostinger-ai-image hostinger-index-4 wp-container-content-69bc4bdf\"><img loading=\"lazy\" decoding=\"async\" width=\"1080\" height=\"1080\" src=\"https:\/\/ecovogue.art\/wp-content\/uploads\/2025\/08\/FB_IMG_1744103132926.jpg\" alt=\"\" class=\"wp-image-178\" style=\"border-radius:20px\" srcset=\"https:\/\/ecovogue.art\/wp-content\/uploads\/2025\/08\/FB_IMG_1744103132926.jpg 1080w, https:\/\/ecovogue.art\/wp-content\/uploads\/2025\/08\/FB_IMG_1744103132926-300x300.jpg 300w, https:\/\/ecovogue.art\/wp-content\/uploads\/2025\/08\/FB_IMG_1744103132926-1024x1024.jpg 1024w, https:\/\/ecovogue.art\/wp-content\/uploads\/2025\/08\/FB_IMG_1744103132926-150x150.jpg 150w, https:\/\/ecovogue.art\/wp-content\/uploads\/2025\/08\/FB_IMG_1744103132926-768x768.jpg 768w, https:\/\/ecovogue.art\/wp-content\/uploads\/2025\/08\/FB_IMG_1744103132926-12x12.jpg 12w, https:\/\/ecovogue.art\/wp-content\/uploads\/2025\/08\/FB_IMG_1744103132926-600x600.jpg 600w, https:\/\/ecovogue.art\/wp-content\/uploads\/2025\/08\/FB_IMG_1744103132926-100x100.jpg 100w\" sizes=\"auto, (max-width: 1080px) 100vw, 1080px\" \/><\/figure>\n\n\n\n<figure class=\"wp-block-image size-full has-custom-border hostinger-ai-image hostinger-index-5\"><img loading=\"lazy\" decoding=\"async\" width=\"1080\" height=\"810\" src=\"https:\/\/ecovogue.art\/wp-content\/uploads\/2025\/08\/IMG-20241202-WA0026.jpg\" alt=\"\" class=\"wp-image-213\" style=\"border-radius:20px\" srcset=\"https:\/\/ecovogue.art\/wp-content\/uploads\/2025\/08\/IMG-20241202-WA0026.jpg 1080w, https:\/\/ecovogue.art\/wp-content\/uploads\/2025\/08\/IMG-20241202-WA0026-300x225.jpg 300w, https:\/\/ecovogue.art\/wp-content\/uploads\/2025\/08\/IMG-20241202-WA0026-1024x768.jpg 1024w, https:\/\/ecovogue.art\/wp-content\/uploads\/2025\/08\/IMG-20241202-WA0026-768x576.jpg 768w, https:\/\/ecovogue.art\/wp-content\/uploads\/2025\/08\/IMG-20241202-WA0026-16x12.jpg 16w, https:\/\/ecovogue.art\/wp-content\/uploads\/2025\/08\/IMG-20241202-WA0026-600x450.jpg 600w\" sizes=\"auto, (max-width: 1080px) 100vw, 1080px\" \/><\/figure>\n<\/div>\n<\/div>\n<\/div>\n\n\n\n<div class=\"wp-block-media-text alignwide is-stacked-on-mobile\"><figure class=\"wp-block-media-text__media\"><img loading=\"lazy\" decoding=\"async\" width=\"1024\" height=\"767\" src=\"https:\/\/ecovogue.art\/wp-content\/uploads\/2025\/08\/FB_IMG_1744977723175-Copie-1024x767.jpg\" alt=\"\" class=\"wp-image-215 size-full\" srcset=\"https:\/\/ecovogue.art\/wp-content\/uploads\/2025\/08\/FB_IMG_1744977723175-Copie-1024x767.jpg 1024w, https:\/\/ecovogue.art\/wp-content\/uploads\/2025\/08\/FB_IMG_1744977723175-Copie-300x225.jpg 300w, https:\/\/ecovogue.art\/wp-content\/uploads\/2025\/08\/FB_IMG_1744977723175-Copie-768x575.jpg 768w, https:\/\/ecovogue.art\/wp-content\/uploads\/2025\/08\/FB_IMG_1744977723175-Copie-16x12.jpg 16w, https:\/\/ecovogue.art\/wp-content\/uploads\/2025\/08\/FB_IMG_1744977723175-Copie-600x449.jpg 600w, https:\/\/ecovogue.art\/wp-content\/uploads\/2025\/08\/FB_IMG_1744977723175-Copie.jpg 1080w\" sizes=\"auto, (max-width: 1024px) 100vw, 1024px\" \/><\/figure><div class=\"wp-block-media-text__content\">\n<h2 class=\"wp-block-heading\">NOTRE MISSION<\/h2>\n\n\n\n<p>Nous voulons&nbsp;<strong>changer la fa\u00e7on dont la mode est pens\u00e9e et consomm\u00e9e<\/strong>, en offrant des cr\u00e9ations uniques issues du recyclage et de l\u2019artisanat local, tout en g\u00e9n\u00e9rant un impact social r\u00e9el au B\u00e9nin.<\/p>\n\n\n\n<div class=\"wp-block-buttons is-layout-flex wp-block-buttons-is-layout-flex\">\n<div class=\"wp-block-button\"><a class=\"wp-block-button__link wp-element-button\" href=\"https:\/\/ecovogue.art\/en\/notre-mission\/\">EN SAVOIR PLUS <\/a><\/div>\n<\/div>\n\n\n\n<hr class=\"wp-block-separator has-alpha-channel-opacity\"\/>\n<\/div><\/div>\n\n\n\n<h2 class=\"wp-block-heading\">NOTRE VISION<\/h2>\n\n\n\n<div class=\"wp-block-media-text has-media-on-the-right is-stacked-on-mobile\"><div class=\"wp-block-media-text__content\">\n<p>Notre vision est celle d\u2019une plan\u00e8te o\u00f9 chaque femme, quel que soit son lieu de vie, peut s\u2019exprimer \u00e0 travers&nbsp;<strong>des cr\u00e9ations belles, durables et \u00e9thiques<\/strong>, tout en participant \u00e0 la protection de l\u2019environnement et au d\u00e9veloppement de sa communaut\u00e9.<\/p>\n\n\n\n<div class=\"wp-block-buttons is-layout-flex wp-block-buttons-is-layout-flex\">\n<div class=\"wp-block-button\"><a class=\"wp-block-button__link wp-element-button\" href=\"https:\/\/ecovogue.art\/en\/notre-vision\/\">LIRE LA SUITE<\/a><\/div>\n<\/div>\n<\/div><figure class=\"wp-block-media-text__media\"><video controls src=\"https:\/\/ecovogue.art\/wp-content\/uploads\/2025\/08\/2025-02-04-193914032.mp4\"><\/video><\/figure><\/div>\n\n\n\n<hr class=\"wp-block-separator has-alpha-channel-opacity\"\/>\n\n\n\n<div class=\"wp-block-media-text is-stacked-on-mobile\"><figure class=\"wp-block-media-text__media\"><img loading=\"lazy\" decoding=\"async\" width=\"1024\" height=\"1024\" src=\"https:\/\/ecovogue.art\/wp-content\/uploads\/2025\/08\/InShot_20241205_133929761-1024x1024.jpg\" alt=\"\" class=\"wp-image-225 size-full\" srcset=\"https:\/\/ecovogue.art\/wp-content\/uploads\/2025\/08\/InShot_20241205_133929761-1024x1024.jpg 1024w, https:\/\/ecovogue.art\/wp-content\/uploads\/2025\/08\/InShot_20241205_133929761-300x300.jpg 300w, https:\/\/ecovogue.art\/wp-content\/uploads\/2025\/08\/InShot_20241205_133929761-150x150.jpg 150w, https:\/\/ecovogue.art\/wp-content\/uploads\/2025\/08\/InShot_20241205_133929761-768x768.jpg 768w, https:\/\/ecovogue.art\/wp-content\/uploads\/2025\/08\/InShot_20241205_133929761-1536x1536.jpg 1536w, https:\/\/ecovogue.art\/wp-content\/uploads\/2025\/08\/InShot_20241205_133929761-12x12.jpg 12w, https:\/\/ecovogue.art\/wp-content\/uploads\/2025\/08\/InShot_20241205_133929761-600x600.jpg 600w, https:\/\/ecovogue.art\/wp-content\/uploads\/2025\/08\/InShot_20241205_133929761-100x100.jpg 100w, https:\/\/ecovogue.art\/wp-content\/uploads\/2025\/08\/InShot_20241205_133929761.jpg 1920w\" sizes=\"auto, (max-width: 1024px) 100vw, 1024px\" \/><\/figure><div class=\"wp-block-media-text__content\">\n<h2 class=\"wp-block-heading\">NOS VALEURS<\/h2>\n\n\n\n<p>Chaque bijou, chaque paire de boucles d\u2019oreilles, chaque bracelet que nous cr\u00e9ons porte en lui&nbsp;<strong>trois valeurs fondamentales<\/strong>&nbsp;qui sont l\u2019\u00e2me de notre marque :<\/p>\n\n\n\n<div class=\"wp-block-buttons is-layout-flex wp-block-buttons-is-layout-flex\">\n<div class=\"wp-block-button\"><a class=\"wp-block-button__link wp-element-button\" href=\"https:\/\/ecovogue.art\/en\/nos-valeurs\/\">EN SAVOIR PLUS<\/a><\/div>\n<\/div>\n<\/div><\/div>\n\n\n\n<div class=\"wp-block-group alignfull hostinger-ai-customer-reviews-2 hostinger-ai-fade-up has-color-2-background-color has-background has-global-padding is-layout-constrained wp-block-group-is-layout-constrained\" data-aos=\"fade-up\" style=\"padding-top:var(--wp--preset--spacing--60);padding-bottom:var(--wp--preset--spacing--60)\">\n<div class=\"wp-block-columns alignwide is-layout-flex wp-container-core-columns-is-layout-28f84493 wp-block-columns-is-layout-flex\">\n<div class=\"wp-block-column is-layout-flow wp-block-column-is-layout-flow\">\n<figure class=\"wp-block-image aligncenter size-full is-resized has-custom-border hostinger-ai-testimonial-image hostinger-index-2\"><img loading=\"lazy\" decoding=\"async\" width=\"1920\" height=\"2560\" src=\"https:\/\/ecovogue.art\/wp-content\/uploads\/2025\/08\/20250417_151109-Copie-2-scaled.jpg\" alt=\"\" class=\"wp-image-214\" style=\"border-radius:20px;width:412px;height:auto\" srcset=\"https:\/\/ecovogue.art\/wp-content\/uploads\/2025\/08\/20250417_151109-Copie-2-scaled.jpg 1920w, https:\/\/ecovogue.art\/wp-content\/uploads\/2025\/08\/20250417_151109-Copie-2-225x300.jpg 225w, https:\/\/ecovogue.art\/wp-content\/uploads\/2025\/08\/20250417_151109-Copie-2-768x1024.jpg 768w, https:\/\/ecovogue.art\/wp-content\/uploads\/2025\/08\/20250417_151109-Copie-2-1152x1536.jpg 1152w, https:\/\/ecovogue.art\/wp-content\/uploads\/2025\/08\/20250417_151109-Copie-2-1536x2048.jpg 1536w, https:\/\/ecovogue.art\/wp-content\/uploads\/2025\/08\/20250417_151109-Copie-2-9x12.jpg 9w, https:\/\/ecovogue.art\/wp-content\/uploads\/2025\/08\/20250417_151109-Copie-2-600x800.jpg 600w\" sizes=\"auto, (max-width: 1920px) 100vw, 1920px\" \/><\/figure>\n<\/div>\n\n\n\n<div class=\"wp-block-column is-vertically-aligned-center is-layout-flow wp-block-column-is-layout-flow\">\n<div class=\"wp-block-group hostinger-ai-fade-up wp-container-content-69bc4bdf is-vertical is-content-justification-left is-nowrap is-layout-flex wp-container-core-group-is-layout-c11d071d wp-block-group-is-layout-flex\" data-aos=\"fade-up\" style=\"padding-right:0;padding-left:0\">\n<p class=\"hostinger-ai-subtitle has-light-color has-text-color has-link-color has-medium-font-size wp-elements-1302ba1d4f48f4f796c0d40d89e17e06\" style=\"margin-top:0;margin-bottom:var(--wp--preset--spacing--20)\">Cliente Feedback<\/p>\n\n\n\n<p class=\"hostinger-ai-testimonial-text hostinger-ai-font-bold hostinger-index-2 has-light-color has-text-color has-link-color wp-elements-30c8db89f1a1ddbd1231f4010c95755f\" style=\"margin-top:0;margin-bottom:var(--wp--preset--spacing--50);font-size:clamp(14.082px, 0.88rem + ((1vw - 3.2px) * 0.887), 21px);\">\u201dEcovogue&rsquo;s elegant design and eco-friendly approach truly impressed me. The shopping experience was seamless, and I love the product range!\u201d<\/p>\n<\/div>\n<\/div>\n<\/div>\n<\/div>","protected":false},"excerpt":{"rendered":"<p>Ecovogue Chez ECOVOGUE, nous croyons qu\u2019un accessoire de mode peut faire bien plus que sublimer une tenue : il peut raconter une histoire, r\u00e9v\u00e9ler une personnalit\u00e9 et changer le monde. N\u00e9e au c\u0153ur du B\u00e9nin, ECOVOGUE est une marque d\u2019accessoires de mode durable cr\u00e9\u00e9e pour c\u00e9l\u00e9brer la beaut\u00e9, la s\u00e9duction et la protection de notre [&hellip;]<\/p>","protected":false},"author":1,"featured_media":0,"parent":0,"menu_order":0,"comment_status":"closed","ping_status":"closed","template":"","meta":{"footnotes":""},"class_list":["post-25","page","type-page","status-publish","hentry"],"_hostinger_reach_plugin_has_subscription_block":false,"_hostinger_reach_plugin_is_elementor":false,"_links":{"self":[{"href":"https:\/\/ecovogue.art\/en\/wp-json\/wp\/v2\/pages\/25","targetHints":{"allow":["GET"]}}],"collection":[{"href":"https:\/\/ecovogue.art\/en\/wp-json\/wp\/v2\/pages"}],"about":[{"href":"https:\/\/ecovogue.art\/en\/wp-json\/wp\/v2\/types\/page"}],"author":[{"embeddable":true,"href":"https:\/\/ecovogue.art\/en\/wp-json\/wp\/v2\/users\/1"}],"replies":[{"embeddable":true,"href":"https:\/\/ecovogue.art\/en\/wp-json\/wp\/v2\/comments?post=25"}],"version-history":[{"count":8,"href":"https:\/\/ecovogue.art\/en\/wp-json\/wp\/v2\/pages\/25\/revisions"}],"predecessor-version":[{"id":229,"href":"https:\/\/ecovogue.art\/en\/wp-json\/wp\/v2\/pages\/25\/revisions\/229"}],"wp:attachment":[{"href":"https:\/\/ecovogue.art\/en\/wp-json\/wp\/v2\/media?parent=25"}],"curies":[{"name":"wp","href":"https:\/\/api.w.org\/{rel}","templated":true}]}}