{"id":27,"date":"2025-08-12T12:21:22","date_gmt":"2025-08-12T12:21:22","guid":{"rendered":"https:\/\/blueviolet-rail-812196.hostingersite.com\/blog\/"},"modified":"2025-08-14T11:42:34","modified_gmt":"2025-08-14T11:42:34","slug":"blog","status":"publish","type":"page","link":"https:\/\/ecovogue.art\/en\/blog\/","title":{"rendered":"blog"},"content":{"rendered":"<div class=\"wp-block-group has-global-padding is-layout-constrained wp-block-group-is-layout-constrained\">\n<div class=\"wp-block-columns is-layout-flex wp-container-core-columns-is-layout-28f84493 wp-block-columns-is-layout-flex\">\n<div class=\"wp-block-column is-layout-flow wp-block-column-is-layout-flow\" style=\"flex-basis:50%\">\n<figure class=\"wp-block-embed is-type-wp-embed is-provider-ecovogue wp-block-embed-ecovogue\"><div class=\"wp-block-embed__wrapper\">\n<blockquote class=\"wp-embedded-content\" data-secret=\"5EPYhQ3MEz\"><a href=\"https:\/\/ecovogue.art\/en\/les-perles-plus-quun-bijou-un-art-de-vivre-lengagement-ecovogue\/\">Les Perles : Plus qu\u2019un Bijou, un Art de Vivre  L\u2019Engagement ECOVOGUE<\/a><\/blockquote><iframe loading=\"lazy\" class=\"wp-embedded-content\" sandbox=\"allow-scripts\" security=\"restricted\" style=\"position: absolute; visibility: hidden;\" title=\"\u00ab\u00a0Les Perles : Plus qu\u2019un Bijou, un Art de Vivre  L\u2019Engagement ECOVOGUE\u00a0\u00bb &#8212; ECOVOGUE     00229 019614 9625      LIVRAISON GRATUITE POUR TOUT ACHAT SUPERIEUR A  20000 F CFA\" src=\"https:\/\/ecovogue.art\/les-perles-plus-quun-bijou-un-art-de-vivre-lengagement-ecovogue\/embed\/#?secret=dYRm6WmcMk#?secret=5EPYhQ3MEz\" data-secret=\"5EPYhQ3MEz\" width=\"500\" height=\"282\" frameborder=\"0\" marginwidth=\"0\" marginheight=\"0\" scrolling=\"no\"><\/iframe>\n<\/div><\/figure>\n<\/div>\n\n\n\n<div class=\"wp-block-column is-layout-flow wp-block-column-is-layout-flow\" style=\"flex-basis:50%\">\n<figure class=\"wp-block-image size-full\"><img loading=\"lazy\" decoding=\"async\" width=\"1024\" height=\"1024\" src=\"https:\/\/ecovogue.art\/wp-content\/uploads\/2025\/08\/openart-image_z5rY2tK2_1755014614057_raw.jpg\" alt=\"\" class=\"wp-image-232\" srcset=\"https:\/\/ecovogue.art\/wp-content\/uploads\/2025\/08\/openart-image_z5rY2tK2_1755014614057_raw.jpg 1024w, https:\/\/ecovogue.art\/wp-content\/uploads\/2025\/08\/openart-image_z5rY2tK2_1755014614057_raw-300x300.jpg 300w, https:\/\/ecovogue.art\/wp-content\/uploads\/2025\/08\/openart-image_z5rY2tK2_1755014614057_raw-150x150.jpg 150w, https:\/\/ecovogue.art\/wp-content\/uploads\/2025\/08\/openart-image_z5rY2tK2_1755014614057_raw-768x768.jpg 768w, https:\/\/ecovogue.art\/wp-content\/uploads\/2025\/08\/openart-image_z5rY2tK2_1755014614057_raw-12x12.jpg 12w, https:\/\/ecovogue.art\/wp-content\/uploads\/2025\/08\/openart-image_z5rY2tK2_1755014614057_raw-600x600.jpg 600w, https:\/\/ecovogue.art\/wp-content\/uploads\/2025\/08\/openart-image_z5rY2tK2_1755014614057_raw-100x100.jpg 100w\" sizes=\"auto, (max-width: 1024px) 100vw, 1024px\" \/><\/figure>\n<\/div>\n<\/div>\n<\/div>\n\n\n\n<div class=\"wp-block-group has-global-padding is-layout-constrained wp-block-group-is-layout-constrained\">\n<div class=\"wp-block-group is-nowrap is-layout-flex wp-container-core-group-is-layout-6c531013 wp-block-group-is-layout-flex\">\n<div class=\"wp-block-media-text is-stacked-on-mobile\"><figure class=\"wp-block-media-text__media\"><img loading=\"lazy\" decoding=\"async\" width=\"1024\" height=\"1024\" src=\"https:\/\/ecovogue.art\/wp-content\/uploads\/2025\/08\/openart-image_eY5ZBz8n_1755015424688_raw-1.jpg\" alt=\"\" class=\"wp-image-131 size-full\" srcset=\"https:\/\/ecovogue.art\/wp-content\/uploads\/2025\/08\/openart-image_eY5ZBz8n_1755015424688_raw-1.jpg 1024w, https:\/\/ecovogue.art\/wp-content\/uploads\/2025\/08\/openart-image_eY5ZBz8n_1755015424688_raw-1-300x300.jpg 300w, https:\/\/ecovogue.art\/wp-content\/uploads\/2025\/08\/openart-image_eY5ZBz8n_1755015424688_raw-1-150x150.jpg 150w, https:\/\/ecovogue.art\/wp-content\/uploads\/2025\/08\/openart-image_eY5ZBz8n_1755015424688_raw-1-768x768.jpg 768w, https:\/\/ecovogue.art\/wp-content\/uploads\/2025\/08\/openart-image_eY5ZBz8n_1755015424688_raw-1-12x12.jpg 12w, https:\/\/ecovogue.art\/wp-content\/uploads\/2025\/08\/openart-image_eY5ZBz8n_1755015424688_raw-1-600x600.jpg 600w, https:\/\/ecovogue.art\/wp-content\/uploads\/2025\/08\/openart-image_eY5ZBz8n_1755015424688_raw-1-100x100.jpg 100w\" sizes=\"auto, (max-width: 1024px) 100vw, 1024px\" \/><\/figure><div class=\"wp-block-media-text__content\">\n<p><strong>Commandez d\u00e8s aujourd\u2019hui<\/strong><\/p>\n\n\n\n<p>Bracelets en perles naturelles, bayas africains, perles de hanches sexy, bijoux fantaisie recycl\u00e9s\u2026 Chaque cr\u00e9ation <strong>ECOVOGUE<\/strong> est une invitation \u00e0 c\u00e9l\u00e9brer votre beaut\u00e9 tout en pr\u00e9servant la plan\u00e8te.<\/p>\n\n\n\n<div class=\"wp-block-buttons is-layout-flex wp-block-buttons-is-layout-flex\">\n<div class=\"wp-block-button\"><a class=\"wp-block-button__link wp-element-button\" href=\"https:\/\/ecovogue.art\/en\/les-perles-plus-quun-bijou-un-art-de-vivre-lengagement-ecovogue\/\">LIRE LA SUITE<\/a><\/div>\n<\/div>\n<\/div><\/div>\n<\/div>\n<\/div>\n\n\n\n<hr class=\"wp-block-separator has-alpha-channel-opacity\"\/>\n\n\n\n<div class=\"wp-block-group alignfull has-global-padding is-content-justification-center is-layout-constrained wp-container-core-group-is-layout-df757ecc wp-block-group-is-layout-constrained\" style=\"margin-top:0;margin-bottom:0;padding-top:calc( 0.5 * var(--wp--style--root--padding-right, var(--wp--custom--gap--horizontal)));padding-right:var(--wp--style--root--padding-right, var(--wp--custom--gap--horizontal));padding-bottom:calc( 0.5 * var(--wp--style--root--padding-right, var(--wp--custom--gap--horizontal)));padding-left:var(--wp--style--root--padding-left, var(--wp--custom--gap--horizontal))\">\n<div style=\"height:calc( 0.25 * var(--wp--style--root--padding-right, var(--wp--custom--gap--horizontal)))\" aria-hidden=\"true\" class=\"wp-block-spacer\"><\/div>\n\n\n\n<div class=\"wp-block-group has-global-padding is-layout-constrained wp-container-core-group-is-layout-ffc174bf wp-block-group-is-layout-constrained\">\n<div class=\"wp-block-media-text is-stacked-on-mobile has-background has-medium-font-size\" style=\"background:radial-gradient(rgb(96,128,31) 0%,rgb(107,142,35) 79%,rgb(212,185,129) 100%,rgb(247,249,243) 100%);margin-right:var(--wp--preset--spacing--40);margin-left:var(--wp--preset--spacing--40);padding-top:var(--wp--preset--spacing--30);padding-bottom:var(--wp--preset--spacing--30);grid-template-columns:43% auto\"><figure class=\"wp-block-media-text__media\"><img loading=\"lazy\" decoding=\"async\" width=\"1024\" height=\"1024\" src=\"https:\/\/ecovogue.art\/wp-content\/uploads\/2025\/08\/openart-image_whlAojYb_1755015126005_raw-1.jpg\" alt=\"\" class=\"wp-image-239 size-full\" srcset=\"https:\/\/ecovogue.art\/wp-content\/uploads\/2025\/08\/openart-image_whlAojYb_1755015126005_raw-1.jpg 1024w, https:\/\/ecovogue.art\/wp-content\/uploads\/2025\/08\/openart-image_whlAojYb_1755015126005_raw-1-300x300.jpg 300w, https:\/\/ecovogue.art\/wp-content\/uploads\/2025\/08\/openart-image_whlAojYb_1755015126005_raw-1-150x150.jpg 150w, https:\/\/ecovogue.art\/wp-content\/uploads\/2025\/08\/openart-image_whlAojYb_1755015126005_raw-1-768x768.jpg 768w, https:\/\/ecovogue.art\/wp-content\/uploads\/2025\/08\/openart-image_whlAojYb_1755015126005_raw-1-12x12.jpg 12w, https:\/\/ecovogue.art\/wp-content\/uploads\/2025\/08\/openart-image_whlAojYb_1755015126005_raw-1-600x600.jpg 600w, https:\/\/ecovogue.art\/wp-content\/uploads\/2025\/08\/openart-image_whlAojYb_1755015126005_raw-1-100x100.jpg 100w\" sizes=\"auto, (max-width: 1024px) 100vw, 1024px\" \/><\/figure><div class=\"wp-block-media-text__content\">\n<p>D\u00e9couvrez <strong>ECOVOGUE<\/strong>, la marque de <strong>bijoux artisanaux africains<\/strong> qui allie <strong>\u00e9l\u00e9gance<\/strong>, <strong>s\u00e9duction<\/strong> et <strong>mode durable<\/strong>. Nos cr\u00e9ations sont con\u00e7ues \u00e0 la main au B\u00e9nin avec des mat\u00e9riaux nobles et recycl\u00e9s, pour des pi\u00e8ces uniques qui subliment votre beaut\u00e9 tout en respectant la plan\u00e8te. tout d\u00e9meurant une entreprise verte.<\/p>\n\n\n\n<div class=\"wp-block-buttons is-layout-flex wp-block-buttons-is-layout-flex\">\n<div class=\"wp-block-button\"><a class=\"wp-block-button__link wp-element-button\" href=\"https:\/\/ecovogue.art\/en\/trouvez-votre-bijoux-artisanal-2\/\">EN SAVOIR PLUS<\/a><\/div>\n<\/div>\n<\/div><\/div>\n\n\n\n<p class=\"has-text-align-center\"><\/p>\n\n\n\n<div class=\"wp-block-buttons is-content-justification-center is-layout-flex wp-container-core-buttons-is-layout-a89b3969 wp-block-buttons-is-layout-flex\">\n<div class=\"wp-block-button\"><a class=\"wp-block-button__link has-text-align-center wp-element-button\" href=\"https:\/\/ecovogue.art\/en\/shop\/\">JE ME FAIS PLAISIR<\/a><\/div>\n<\/div>\n<\/div>\n\n\n\n<div style=\"height:var(--wp--preset--spacing--30)\" aria-hidden=\"true\" class=\"wp-block-spacer\"><\/div>\n\n\n\n<div style=\"height:calc( 0.25 * var(--wp--style--root--padding-right, var(--wp--custom--gap--horizontal)))\" aria-hidden=\"true\" class=\"wp-block-spacer\"><\/div>\n<\/div>\n\n\n\n<div class=\"wp-block-group alignfull hostinger-ai-gallery-1 hostinger-ai-fade-up is-layout-flow wp-block-group-is-layout-flow\" data-aos=\"fade-up\">\n<div class=\"wp-block-group alignwide hostinger-ai-fade-up has-global-padding is-layout-constrained wp-block-group-is-layout-constrained\" data-aos=\"fade-up\" style=\"padding-top:var(--wp--preset--spacing--60);padding-bottom:var(--wp--preset--spacing--60)\">\n<h2 class=\"wp-block-heading has-text-align-center hostinger-ai-title has-dark-color has-text-color has-link-color has-x-large-font-size wp-elements-06cb881453727551a65b6ac2a2eca15a\" style=\"margin-top:0;margin-right:0;margin-bottom:var(--wp--preset--spacing--20);margin-left:0\">Ecovogue Gallerie<\/h2>\n\n\n\n<p class=\"has-text-align-center hostinger-ai-description has-dark-color has-text-color has-link-color has-medium-font-size wp-elements-2787affe408bd96d95fcc124359bda1b\" style=\"margin-top:0;margin-bottom:0\">Parcourez notre galerie d&rsquo;accessoires durables ; chics et \u00e9coresponsables.<\/p>\n<\/div>\n\n\n\n<div class=\"wp-block-group hostinger-ai-fade-up has-global-padding is-layout-constrained wp-block-group-is-layout-constrained\" data-aos=\"fade-up\">\n<div class=\"wp-block-group alignwide hostinger-ai-fade-up is-content-justification-center is-nowrap is-layout-flex wp-container-core-group-is-layout-23441af8 wp-block-group-is-layout-flex\" data-aos=\"fade-up\">\n<figure class=\"wp-block-image size-full has-custom-border hostinger-ai-image hostinger-index-2\"><img loading=\"lazy\" decoding=\"async\" width=\"1080\" height=\"1080\" src=\"https:\/\/ecovogue.art\/wp-content\/uploads\/2025\/08\/Cream-Modern-Best-Product-Jewelry-Instagram-Post_20241211_235539_0002.png\" alt=\"\" class=\"wp-image-73\" style=\"border-radius:20px\" srcset=\"https:\/\/ecovogue.art\/wp-content\/uploads\/2025\/08\/Cream-Modern-Best-Product-Jewelry-Instagram-Post_20241211_235539_0002.png 1080w, https:\/\/ecovogue.art\/wp-content\/uploads\/2025\/08\/Cream-Modern-Best-Product-Jewelry-Instagram-Post_20241211_235539_0002-300x300.png 300w, https:\/\/ecovogue.art\/wp-content\/uploads\/2025\/08\/Cream-Modern-Best-Product-Jewelry-Instagram-Post_20241211_235539_0002-1024x1024.png 1024w, https:\/\/ecovogue.art\/wp-content\/uploads\/2025\/08\/Cream-Modern-Best-Product-Jewelry-Instagram-Post_20241211_235539_0002-150x150.png 150w, https:\/\/ecovogue.art\/wp-content\/uploads\/2025\/08\/Cream-Modern-Best-Product-Jewelry-Instagram-Post_20241211_235539_0002-768x768.png 768w, https:\/\/ecovogue.art\/wp-content\/uploads\/2025\/08\/Cream-Modern-Best-Product-Jewelry-Instagram-Post_20241211_235539_0002-12x12.png 12w, https:\/\/ecovogue.art\/wp-content\/uploads\/2025\/08\/Cream-Modern-Best-Product-Jewelry-Instagram-Post_20241211_235539_0002-600x600.png 600w, https:\/\/ecovogue.art\/wp-content\/uploads\/2025\/08\/Cream-Modern-Best-Product-Jewelry-Instagram-Post_20241211_235539_0002-100x100.png 100w\" sizes=\"auto, (max-width: 1080px) 100vw, 1080px\" \/><\/figure>\n\n\n\n<figure class=\"wp-block-image size-full has-custom-border hostinger-ai-image hostinger-index-3\"><img loading=\"lazy\" decoding=\"async\" width=\"1080\" height=\"1080\" src=\"https:\/\/ecovogue.art\/wp-content\/uploads\/2025\/08\/Cream-Modern-Best-Product-Jewelry-Instagram-Post_20241211_235539_0003.png\" alt=\"\" class=\"wp-image-74\" style=\"border-radius:20px\" srcset=\"https:\/\/ecovogue.art\/wp-content\/uploads\/2025\/08\/Cream-Modern-Best-Product-Jewelry-Instagram-Post_20241211_235539_0003.png 1080w, https:\/\/ecovogue.art\/wp-content\/uploads\/2025\/08\/Cream-Modern-Best-Product-Jewelry-Instagram-Post_20241211_235539_0003-300x300.png 300w, https:\/\/ecovogue.art\/wp-content\/uploads\/2025\/08\/Cream-Modern-Best-Product-Jewelry-Instagram-Post_20241211_235539_0003-1024x1024.png 1024w, https:\/\/ecovogue.art\/wp-content\/uploads\/2025\/08\/Cream-Modern-Best-Product-Jewelry-Instagram-Post_20241211_235539_0003-150x150.png 150w, https:\/\/ecovogue.art\/wp-content\/uploads\/2025\/08\/Cream-Modern-Best-Product-Jewelry-Instagram-Post_20241211_235539_0003-768x768.png 768w, https:\/\/ecovogue.art\/wp-content\/uploads\/2025\/08\/Cream-Modern-Best-Product-Jewelry-Instagram-Post_20241211_235539_0003-12x12.png 12w, https:\/\/ecovogue.art\/wp-content\/uploads\/2025\/08\/Cream-Modern-Best-Product-Jewelry-Instagram-Post_20241211_235539_0003-600x600.png 600w, https:\/\/ecovogue.art\/wp-content\/uploads\/2025\/08\/Cream-Modern-Best-Product-Jewelry-Instagram-Post_20241211_235539_0003-100x100.png 100w\" sizes=\"auto, (max-width: 1080px) 100vw, 1080px\" \/><\/figure>\n<\/div>\n\n\n\n<div class=\"wp-block-group alignwide hostinger-ai-fade-up is-content-justification-center is-nowrap is-layout-flex wp-container-core-group-is-layout-4c8f56df wp-block-group-is-layout-flex\" data-aos=\"fade-up\" style=\"margin-bottom:var(--wp--preset--spacing--20)\">\n<figure class=\"wp-block-image size-full has-custom-border hostinger-ai-image\"><img loading=\"lazy\" decoding=\"async\" width=\"486\" height=\"1080\" src=\"https:\/\/ecovogue.art\/wp-content\/uploads\/2025\/08\/IMG_20250806_113624_110-2.png\" alt=\"\" class=\"wp-image-76\" style=\"border-radius:20px\" srcset=\"https:\/\/ecovogue.art\/wp-content\/uploads\/2025\/08\/IMG_20250806_113624_110-2.png 486w, https:\/\/ecovogue.art\/wp-content\/uploads\/2025\/08\/IMG_20250806_113624_110-2-135x300.png 135w, https:\/\/ecovogue.art\/wp-content\/uploads\/2025\/08\/IMG_20250806_113624_110-2-461x1024.png 461w, https:\/\/ecovogue.art\/wp-content\/uploads\/2025\/08\/IMG_20250806_113624_110-2-5x12.png 5w\" sizes=\"auto, (max-width: 486px) 100vw, 486px\" \/><\/figure>\n\n\n\n<figure class=\"wp-block-image size-full has-custom-border hostinger-ai-image hostinger-index-1\"><img loading=\"lazy\" decoding=\"async\" width=\"1080\" height=\"486\" src=\"https:\/\/ecovogue.art\/wp-content\/uploads\/2025\/08\/IMG_20250810_104209_173-2.png\" alt=\"\" class=\"wp-image-77\" style=\"border-radius:20px\" srcset=\"https:\/\/ecovogue.art\/wp-content\/uploads\/2025\/08\/IMG_20250810_104209_173-2.png 1080w, https:\/\/ecovogue.art\/wp-content\/uploads\/2025\/08\/IMG_20250810_104209_173-2-300x135.png 300w, https:\/\/ecovogue.art\/wp-content\/uploads\/2025\/08\/IMG_20250810_104209_173-2-1024x461.png 1024w, https:\/\/ecovogue.art\/wp-content\/uploads\/2025\/08\/IMG_20250810_104209_173-2-768x346.png 768w, https:\/\/ecovogue.art\/wp-content\/uploads\/2025\/08\/IMG_20250810_104209_173-2-18x8.png 18w, https:\/\/ecovogue.art\/wp-content\/uploads\/2025\/08\/IMG_20250810_104209_173-2-600x270.png 600w\" sizes=\"auto, (max-width: 1080px) 100vw, 1080px\" \/><\/figure>\n<\/div>\n<\/div>\n<\/div>\n\n\n\n<p><\/p>","protected":false},"excerpt":{"rendered":"<p>Commandez d\u00e8s aujourd\u2019hui Bracelets en perles naturelles, bayas africains, perles de hanches sexy, bijoux fantaisie recycl\u00e9s\u2026 Chaque cr\u00e9ation ECOVOGUE est une invitation \u00e0 c\u00e9l\u00e9brer votre beaut\u00e9 tout en pr\u00e9servant la plan\u00e8te. D\u00e9couvrez ECOVOGUE, la marque de bijoux artisanaux africains qui allie \u00e9l\u00e9gance, s\u00e9duction et mode durable. Nos cr\u00e9ations sont con\u00e7ues \u00e0 la main au B\u00e9nin [&hellip;]<\/p>","protected":false},"author":1,"featured_media":0,"parent":0,"menu_order":0,"comment_status":"closed","ping_status":"closed","template":"","meta":{"footnotes":""},"class_list":["post-27","page","type-page","status-publish","hentry"],"_hostinger_reach_plugin_has_subscription_block":false,"_hostinger_reach_plugin_is_elementor":false,"_links":{"self":[{"href":"https:\/\/ecovogue.art\/en\/wp-json\/wp\/v2\/pages\/27","targetHints":{"allow":["GET"]}}],"collection":[{"href":"https:\/\/ecovogue.art\/en\/wp-json\/wp\/v2\/pages"}],"about":[{"href":"https:\/\/ecovogue.art\/en\/wp-json\/wp\/v2\/types\/page"}],"author":[{"embeddable":true,"href":"https:\/\/ecovogue.art\/en\/wp-json\/wp\/v2\/users\/1"}],"replies":[{"embeddable":true,"href":"https:\/\/ecovogue.art\/en\/wp-json\/wp\/v2\/comments?post=27"}],"version-history":[{"count":17,"href":"https:\/\/ecovogue.art\/en\/wp-json\/wp\/v2\/pages\/27\/revisions"}],"predecessor-version":[{"id":242,"href":"https:\/\/ecovogue.art\/en\/wp-json\/wp\/v2\/pages\/27\/revisions\/242"}],"wp:attachment":[{"href":"https:\/\/ecovogue.art\/en\/wp-json\/wp\/v2\/media?parent=27"}],"curies":[{"name":"wp","href":"https:\/\/api.w.org\/{rel}","templated":true}]}}