{"id":16,"date":"2025-08-12T12:21:14","date_gmt":"2025-08-12T12:21:14","guid":{"rendered":"https:\/\/blueviolet-rail-812196.hostingersite.com\/product\/eco-friendly-elegance\/"},"modified":"2025-08-12T22:39:45","modified_gmt":"2025-08-12T22:39:45","slug":"bracelet-pierre-du-soleil","status":"publish","type":"product","link":"https:\/\/ecovogue.art\/en\/product\/bracelet-pierre-du-soleil\/","title":{"rendered":"Bracelet Pierre du Soleil \u2013 \u00c9nergie, Optimisme &#038; Rayonnement"},"content":{"rendered":"<p data-start=\"501\" data-end=\"711\">Le <strong data-start=\"504\" data-end=\"536\">bracelet en pierre du soleil<\/strong> est bien plus qu\u2019un bijou : c\u2019est une source d\u2019optimisme et de dynamisme au poignet. Sa teinte chaleureuse et ses reflets scintillants inspirent la vitalit\u00e9 et la r\u00e9ussite.<\/p>\n<p data-start=\"713\" data-end=\"744\">\ud83d\udc8e <strong data-start=\"716\" data-end=\"740\">Vertus et propri\u00e9t\u00e9s<\/strong> :<\/p>\n<ul data-start=\"745\" data-end=\"985\">\n<li data-start=\"745\" data-end=\"794\">\n<p data-start=\"747\" data-end=\"794\">Stimule la <strong data-start=\"758\" data-end=\"775\">joie de vivre<\/strong> et la motivation<\/p>\n<\/li>\n<li data-start=\"795\" data-end=\"846\">\n<p data-start=\"797\" data-end=\"846\">Renforce la <strong data-start=\"809\" data-end=\"829\">confiance en soi<\/strong> et le charisme<\/p>\n<\/li>\n<li data-start=\"847\" data-end=\"891\">\n<p data-start=\"849\" data-end=\"891\">Attire la <strong data-start=\"859\" data-end=\"869\">chance<\/strong> et les opportunit\u00e9s<\/p>\n<\/li>\n<li data-start=\"892\" data-end=\"940\">\n<p data-start=\"894\" data-end=\"940\">Favorise la <strong data-start=\"906\" data-end=\"920\">cr\u00e9ativit\u00e9<\/strong> et l\u2019enthousiasme<\/p>\n<\/li>\n<li data-start=\"941\" data-end=\"985\">\n<p data-start=\"943\" data-end=\"985\">Prot\u00e8ge contre la fatigue et la morosit\u00e9<\/p>\n<\/li>\n<\/ul>\n<p data-start=\"987\" data-end=\"1020\">\u2728 <strong data-start=\"989\" data-end=\"1016\">Pourquoi vous l\u2019aimerez<\/strong> :<\/p>\n<ul data-start=\"1021\" data-end=\"1233\">\n<li data-start=\"1021\" data-end=\"1067\">\n<p data-start=\"1023\" data-end=\"1067\">Couleur chaude aux \u00e9clats lumineux uniques<\/p>\n<\/li>\n<li data-start=\"1068\" data-end=\"1125\">\n<p data-start=\"1070\" data-end=\"1125\">Pierre naturelle associ\u00e9e au bonheur et \u00e0 l\u2019abondance<\/p>\n<\/li>\n<li data-start=\"1126\" data-end=\"1174\">\n<p data-start=\"1128\" data-end=\"1174\">Bijou \u00e9l\u00e9gant qui se porte en toute occasion<\/p>\n<\/li>\n<li data-start=\"1175\" data-end=\"1233\">\n<p data-start=\"1177\" data-end=\"1233\">Id\u00e9al comme cadeau porteur de lumi\u00e8re et de positivit\u00e9<\/p>\n<\/li>\n<\/ul>\n<p data-start=\"1235\" data-end=\"1421\">La <strong data-start=\"1238\" data-end=\"1258\">pierre du soleil<\/strong> est r\u00e9put\u00e9e pour dissiper les \u00e9nergies n\u00e9gatives et attirer la r\u00e9ussite, tout en vous aidant \u00e0 briller pleinement dans votre vie personnelle et professionnelle.<\/p>\n<hr data-start=\"1423\" data-end=\"1426\" \/>\n<h2 data-start=\"1428\" data-end=\"1453\"><strong data-start=\"1431\" data-end=\"1451\">Caract\u00e9ristiques<\/strong><\/h2>\n<ul data-start=\"1454\" data-end=\"1653\">\n<li data-start=\"1454\" data-end=\"1493\">\n<p data-start=\"1456\" data-end=\"1493\">Pierre : Pierre du soleil naturelle<\/p>\n<\/li>\n<li data-start=\"1494\" data-end=\"1530\">\n<p data-start=\"1496\" data-end=\"1530\">Taille : Ajustable \/ Universelle<\/p>\n<\/li>\n<li data-start=\"1531\" data-end=\"1599\">\n<p data-start=\"1533\" data-end=\"1599\">Couleurs : Tons chauds orang\u00e9s \u00e0 dor\u00e9s avec reflets scintillants<\/p>\n<\/li>\n<li data-start=\"1600\" data-end=\"1653\">\n<p data-start=\"1602\" data-end=\"1653\">Fermoir \/ Montage : [\u00e9lastique]<\/p>\n<\/li>\n<\/ul>","protected":false},"excerpt":{"rendered":"<p><img loading=\"lazy\" decoding=\"async\" class=\"alignnone size-medium wp-image-107\" src=\"https:\/\/ecovogue.art\/wp-content\/uploads\/2025\/08\/IMG_20250810_103821_624-1-300x135.png\" alt=\"\" width=\"300\" height=\"135\" srcset=\"https:\/\/ecovogue.art\/wp-content\/uploads\/2025\/08\/IMG_20250810_103821_624-1-300x135.png 300w, https:\/\/ecovogue.art\/wp-content\/uploads\/2025\/08\/IMG_20250810_103821_624-1-1024x461.png 1024w, https:\/\/ecovogue.art\/wp-content\/uploads\/2025\/08\/IMG_20250810_103821_624-1-768x346.png 768w, https:\/\/ecovogue.art\/wp-content\/uploads\/2025\/08\/IMG_20250810_103821_624-1-18x8.png 18w, https:\/\/ecovogue.art\/wp-content\/uploads\/2025\/08\/IMG_20250810_103821_624-1-600x270.png 600w, https:\/\/ecovogue.art\/wp-content\/uploads\/2025\/08\/IMG_20250810_103821_624-1.png 1080w\" sizes=\"auto, (max-width: 300px) 100vw, 300px\" \/><\/p>","protected":false},"featured_media":107,"comment_status":"open","ping_status":"closed","template":"","meta":[],"product_brand":[],"product_cat":[15],"product_tag":[],"class_list":{"0":"post-16","1":"product","2":"type-product","3":"status-publish","4":"has-post-thumbnail","6":"product_cat-uncategorized","8":"first","9":"instock","10":"sale","11":"shipping-taxable","12":"purchasable","13":"product-type-simple"},"_links":{"self":[{"href":"https:\/\/ecovogue.art\/en\/wp-json\/wp\/v2\/product\/16","targetHints":{"allow":["GET"]}}],"collection":[{"href":"https:\/\/ecovogue.art\/en\/wp-json\/wp\/v2\/product"}],"about":[{"href":"https:\/\/ecovogue.art\/en\/wp-json\/wp\/v2\/types\/product"}],"replies":[{"embeddable":true,"href":"https:\/\/ecovogue.art\/en\/wp-json\/wp\/v2\/comments?post=16"}],"wp:featuredmedia":[{"embeddable":true,"href":"https:\/\/ecovogue.art\/en\/wp-json\/wp\/v2\/media\/107"}],"wp:attachment":[{"href":"https:\/\/ecovogue.art\/en\/wp-json\/wp\/v2\/media?parent=16"}],"wp:term":[{"taxonomy":"product_brand","embeddable":true,"href":"https:\/\/ecovogue.art\/en\/wp-json\/wp\/v2\/product_brand?post=16"},{"taxonomy":"product_cat","embeddable":true,"href":"https:\/\/ecovogue.art\/en\/wp-json\/wp\/v2\/product_cat?post=16"},{"taxonomy":"product_tag","embeddable":true,"href":"https:\/\/ecovogue.art\/en\/wp-json\/wp\/v2\/product_tag?post=16"}],"curies":[{"name":"wp","href":"https:\/\/api.w.org\/{rel}","templated":true}]}}