{"id":188,"date":"2025-08-13T20:34:21","date_gmt":"2025-08-13T20:34:21","guid":{"rendered":"https:\/\/ecovogue.art\/?post_type=product&#038;p=188"},"modified":"2025-08-13T20:34:21","modified_gmt":"2025-08-13T20:34:21","slug":"boucles-doreilles-de-pierre-jade-cassee","status":"publish","type":"product","link":"https:\/\/ecovogue.art\/en\/product\/boucles-doreilles-de-pierre-jade-cassee\/","title":{"rendered":"Boucles d\u2019oreilles de pierre JADE cass\u00e9e"},"content":{"rendered":"<h2 data-start=\"217\" data-end=\"274\"><strong data-start=\"220\" data-end=\"272\">\u00a0Collection ECOVOGUE<\/strong><\/h2>\n<p data-start=\"275\" data-end=\"334\"><strong data-start=\"275\" data-end=\"332\">R\u00e9v\u00e9lez votre \u00e9l\u00e9gance tout en pr\u00e9servant la plan\u00e8te.<\/strong><\/p>\n<p data-start=\"336\" data-end=\"669\">Ces boucles d\u2019oreilles artisanales uniques de la <strong data-start=\"385\" data-end=\"416\">Collection Premium ECOVOGUE<\/strong> sont soigneusement confectionn\u00e9es \u00e0 partir de <strong data-start=\"463\" data-end=\"491\">chambres \u00e0 air recycl\u00e9es<\/strong> et orn\u00e9es de <strong data-start=\"505\" data-end=\"538\">pierres cass\u00e9es en jade verte<\/strong>. Chaque pi\u00e8ce incarne l\u2019alliance parfaite entre <strong data-start=\"587\" data-end=\"606\">style afro-chic<\/strong>, <strong data-start=\"608\" data-end=\"636\">\u00e9thique environnementale<\/strong> et <strong data-start=\"640\" data-end=\"666\">raffinement intemporel<\/strong>.<\/p>\n<p data-start=\"671\" data-end=\"697\"><strong data-start=\"671\" data-end=\"695\">\u00a0Caract\u00e9ristiques :<\/strong><\/p>\n<ul data-start=\"698\" data-end=\"990\">\n<li data-start=\"698\" data-end=\"773\">\n<p data-start=\"700\" data-end=\"773\"><strong data-start=\"700\" data-end=\"713\">Mat\u00e9riaux<\/strong> : chambres \u00e0 air recycl\u00e9es, pierres cass\u00e9es en jade verte<\/p>\n<\/li>\n<li data-start=\"774\" data-end=\"824\">\n<p data-start=\"776\" data-end=\"824\"><strong data-start=\"776\" data-end=\"785\">Style<\/strong> : afro-chic, fantaisie haut de gamme<\/p>\n<\/li>\n<li data-start=\"825\" data-end=\"877\">\n<p data-start=\"827\" data-end=\"877\"><strong data-start=\"827\" data-end=\"842\">Fabrication<\/strong> : artisanale, fait main au B\u00e9nin<\/p>\n<\/li>\n<li data-start=\"878\" data-end=\"934\">\n<p data-start=\"880\" data-end=\"934\"><strong data-start=\"880\" data-end=\"892\">L\u00e9g\u00e8ret\u00e9<\/strong> : confort assur\u00e9 pour un port quotidien<\/p>\n<\/li>\n<li data-start=\"935\" data-end=\"990\">\n<p data-start=\"937\" data-end=\"990\"><strong data-start=\"937\" data-end=\"951\">Durabilit\u00e9<\/strong> : design \u00e9coresponsable et r\u00e9sistant<\/p>\n<\/li>\n<\/ul>\n<p data-start=\"992\" data-end=\"1033\"><strong data-start=\"992\" data-end=\"1031\">Pourquoi vous allez les adorer :<\/strong><\/p>\n<ul data-start=\"1034\" data-end=\"1357\">\n<li data-start=\"1034\" data-end=\"1153\">\n<p data-start=\"1036\" data-end=\"1153\">Chaque paire est <strong data-start=\"1053\" data-end=\"1063\">unique<\/strong> : la forme et la nuance des pierres peuvent varier, preuve d\u2019un travail 100 % artisanal<\/p>\n<\/li>\n<li data-start=\"1154\" data-end=\"1210\">\n<p data-start=\"1156\" data-end=\"1210\">Un bijou qui allie <strong data-start=\"1175\" data-end=\"1208\">mode et engagement \u00e9cologique<\/strong><\/p>\n<\/li>\n<li data-start=\"1211\" data-end=\"1295\">\n<p data-start=\"1213\" data-end=\"1295\">La <strong data-start=\"1216\" data-end=\"1230\">jade verte<\/strong> est r\u00e9put\u00e9e pour apporter harmonie, chance et \u00e9nergie positive<\/p>\n<\/li>\n<li data-start=\"1296\" data-end=\"1357\">\n<p data-start=\"1298\" data-end=\"1357\">Parfaites pour <strong data-start=\"1313\" data-end=\"1355\">rehausser une tenue casual ou \u00e9l\u00e9gante<\/strong><\/p>\n<\/li>\n<\/ul>\n<p data-start=\"1359\" data-end=\"1578\"><strong data-start=\"1359\" data-end=\"1387\">\u00a0Engagement ECOVOGUE :<\/strong><br data-start=\"1387\" data-end=\"1390\" \/>En choisissant ces boucles d\u2019oreilles, vous soutenez une <strong data-start=\"1447\" data-end=\"1467\">entreprise verte<\/strong> qui valorise l\u2019artisanat africain, r\u00e9duit les d\u00e9chets gr\u00e2ce au recyclage cr\u00e9atif et promeut la mode durable.<\/p>\n<p data-start=\"1580\" data-end=\"1715\">","protected":false},"excerpt":{"rendered":"<p><strong data-start=\"120\" data-end=\"159\">Boucles d\u2019oreilles Premium ECOVOGUE<\/strong> \u2013 Alliez style et conscience \u00e9cologique avec ces cr\u00e9ations artisanales en <strong data-start=\"234\" data-end=\"262\">chambres \u00e0 air recycl\u00e9es<\/strong> orn\u00e9es de <strong data-start=\"273\" data-end=\"306\">pierres cass\u00e9es en jade verte<\/strong>. Un bijou unique qui sublime votre look tout en pr\u00e9servant la plan\u00e8te<img loading=\"lazy\" decoding=\"async\" class=\"alignnone size-medium wp-image-162\" src=\"https:\/\/ecovogue.art\/wp-content\/uploads\/2025\/08\/FB_IMG_1755078551324-300x300.jpg\" alt=\"\" width=\"300\" height=\"300\" srcset=\"https:\/\/ecovogue.art\/wp-content\/uploads\/2025\/08\/FB_IMG_1755078551324-300x300.jpg 300w, https:\/\/ecovogue.art\/wp-content\/uploads\/2025\/08\/FB_IMG_1755078551324-1024x1024.jpg 1024w, https:\/\/ecovogue.art\/wp-content\/uploads\/2025\/08\/FB_IMG_1755078551324-150x150.jpg 150w, https:\/\/ecovogue.art\/wp-content\/uploads\/2025\/08\/FB_IMG_1755078551324-768x768.jpg 768w, https:\/\/ecovogue.art\/wp-content\/uploads\/2025\/08\/FB_IMG_1755078551324-12x12.jpg 12w, https:\/\/ecovogue.art\/wp-content\/uploads\/2025\/08\/FB_IMG_1755078551324-600x600.jpg 600w, https:\/\/ecovogue.art\/wp-content\/uploads\/2025\/08\/FB_IMG_1755078551324-100x100.jpg 100w, https:\/\/ecovogue.art\/wp-content\/uploads\/2025\/08\/FB_IMG_1755078551324.jpg 1080w\" sizes=\"auto, (max-width: 300px) 100vw, 300px\" \/> <img loading=\"lazy\" decoding=\"async\" class=\"alignnone size-medium wp-image-163\" src=\"https:\/\/ecovogue.art\/wp-content\/uploads\/2025\/08\/FB_IMG_1755078557624-300x300.jpg\" alt=\"\" width=\"300\" height=\"300\" srcset=\"https:\/\/ecovogue.art\/wp-content\/uploads\/2025\/08\/FB_IMG_1755078557624-300x300.jpg 300w, https:\/\/ecovogue.art\/wp-content\/uploads\/2025\/08\/FB_IMG_1755078557624-1024x1024.jpg 1024w, https:\/\/ecovogue.art\/wp-content\/uploads\/2025\/08\/FB_IMG_1755078557624-150x150.jpg 150w, https:\/\/ecovogue.art\/wp-content\/uploads\/2025\/08\/FB_IMG_1755078557624-768x768.jpg 768w, https:\/\/ecovogue.art\/wp-content\/uploads\/2025\/08\/FB_IMG_1755078557624-12x12.jpg 12w, https:\/\/ecovogue.art\/wp-content\/uploads\/2025\/08\/FB_IMG_1755078557624-600x600.jpg 600w, https:\/\/ecovogue.art\/wp-content\/uploads\/2025\/08\/FB_IMG_1755078557624-100x100.jpg 100w, https:\/\/ecovogue.art\/wp-content\/uploads\/2025\/08\/FB_IMG_1755078557624.jpg 1080w\" sizes=\"auto, (max-width: 300px) 100vw, 300px\" \/><\/p>","protected":false},"featured_media":162,"comment_status":"open","ping_status":"closed","template":"","meta":[],"product_brand":[45],"product_cat":[41],"product_tag":[56],"class_list":{"0":"post-188","1":"product","2":"type-product","3":"status-publish","4":"has-post-thumbnail","6":"product_brand-ecovogue","7":"product_cat-boucles-doreilles-en-pierres-naturelles","8":"product_tag-boucle-doreilles-fantaistes","10":"first","11":"instock","12":"sale","13":"shipping-taxable","14":"purchasable","15":"product-type-simple"},"_links":{"self":[{"href":"https:\/\/ecovogue.art\/en\/wp-json\/wp\/v2\/product\/188","targetHints":{"allow":["GET"]}}],"collection":[{"href":"https:\/\/ecovogue.art\/en\/wp-json\/wp\/v2\/product"}],"about":[{"href":"https:\/\/ecovogue.art\/en\/wp-json\/wp\/v2\/types\/product"}],"replies":[{"embeddable":true,"href":"https:\/\/ecovogue.art\/en\/wp-json\/wp\/v2\/comments?post=188"}],"wp:featuredmedia":[{"embeddable":true,"href":"https:\/\/ecovogue.art\/en\/wp-json\/wp\/v2\/media\/162"}],"wp:attachment":[{"href":"https:\/\/ecovogue.art\/en\/wp-json\/wp\/v2\/media?parent=188"}],"wp:term":[{"taxonomy":"product_brand","embeddable":true,"href":"https:\/\/ecovogue.art\/en\/wp-json\/wp\/v2\/product_brand?post=188"},{"taxonomy":"product_cat","embeddable":true,"href":"https:\/\/ecovogue.art\/en\/wp-json\/wp\/v2\/product_cat?post=188"},{"taxonomy":"product_tag","embeddable":true,"href":"https:\/\/ecovogue.art\/en\/wp-json\/wp\/v2\/product_tag?post=188"}],"curies":[{"name":"wp","href":"https:\/\/api.w.org\/{rel}","templated":true}]}}