{"id":190,"date":"2025-08-14T08:57:12","date_gmt":"2025-08-14T08:57:12","guid":{"rendered":"https:\/\/ecovogue.art\/?post_type=product&#038;p=190"},"modified":"2025-08-14T08:59:54","modified_gmt":"2025-08-14T08:59:54","slug":"bracelets-en-perles-3-en-1","status":"publish","type":"product","link":"https:\/\/ecovogue.art\/en\/product\/bracelets-en-perles-3-en-1\/","title":{"rendered":"bracelets en perles 3 en 1"},"content":{"rendered":"<p data-start=\"81\" data-end=\"162\"><strong data-start=\"81\" data-end=\"160\">Bracelet 3 en 1 en perles artisanales \u2013 \u00c9l\u00e9gance, cr\u00e9ativit\u00e9 et polyvalence<\/strong><\/p>\n<p data-start=\"164\" data-end=\"497\">Apportez une touche unique \u00e0 votre look avec ce <strong data-start=\"212\" data-end=\"251\">bracelet 3 en 1 en perles fait main<\/strong>, con\u00e7u pour les femmes qui aiment allier <strong data-start=\"293\" data-end=\"326\">style, confort et originalit\u00e9<\/strong>. Chaque bracelet est soigneusement confectionn\u00e9 \u00e0 partir de <strong data-start=\"387\" data-end=\"417\">perles color\u00e9es de qualit\u00e9<\/strong>, associ\u00e9es \u00e0 des accents dor\u00e9s et \u00e0 un <strong data-start=\"457\" data-end=\"476\">pendentif fleur<\/strong> au charme d\u00e9licat.<\/p>\n<p data-start=\"499\" data-end=\"878\">Polyvalent et pratique, ce bijou peut \u00eatre port\u00e9 de trois fa\u00e7ons : en trio pour un effet chic et affirm\u00e9, en duo pour un style tendance, ou en bracelet simple pour un look minimaliste. Sa conception \u00e9lastique garantit un ajustement parfait \u00e0 tous les poignets, tandis que ses couleurs harmonieuses s\u2019adaptent \u00e0 toutes les tenues, qu\u2019elles soient <strong data-start=\"845\" data-end=\"875\">d\u00e9contract\u00e9es ou habill\u00e9es<\/strong>.<\/p>\n<p data-start=\"880\" data-end=\"1082\">Fabriqu\u00e9 \u00e0 la main dans un esprit <strong data-start=\"914\" data-end=\"938\">\u00e9thique et artisanal<\/strong>, ce bracelet n\u2019est pas seulement un accessoire de mode, mais aussi une pi\u00e8ce qui valorise le <strong data-start=\"1032\" data-end=\"1056\">savoir-faire cr\u00e9atif<\/strong> et la <strong data-start=\"1063\" data-end=\"1079\">mode durable<\/strong>.<\/p>\n<p data-start=\"1084\" data-end=\"1110\">\u2728 <strong data-start=\"1086\" data-end=\"1108\">Caract\u00e9ristiques :<\/strong><\/p>\n<ul data-start=\"1111\" data-end=\"1391\">\n<li data-start=\"1111\" data-end=\"1181\">\n<p data-start=\"1113\" data-end=\"1181\">3 bracelets en un seul accessoire, \u00e0 porter ensemble ou s\u00e9par\u00e9ment<\/p>\n<\/li>\n<li data-start=\"1182\" data-end=\"1241\">\n<p data-start=\"1184\" data-end=\"1241\">Perles color\u00e9es et accents dor\u00e9s pour un style \u00e9clatant<\/p>\n<\/li>\n<li data-start=\"1242\" data-end=\"1296\">\n<p data-start=\"1244\" data-end=\"1296\">Pendentif fleur fait main pour une touche f\u00e9minine<\/p>\n<\/li>\n<li data-start=\"1297\" data-end=\"1344\">\n<p data-start=\"1299\" data-end=\"1344\">Bracelet \u00e9lastique, taille unique adaptable<\/p>\n<\/li>\n<li data-start=\"1345\" data-end=\"1391\">\n<p data-start=\"1347\" data-end=\"1391\">Cr\u00e9ation artisanale \u00e9thique et responsable<\/p>\n<\/li>\n<\/ul>\n<p data-start=\"1393\" data-end=\"1659\"><img loading=\"lazy\" decoding=\"async\" class=\"alignnone size-medium wp-image-85\" src=\"https:\/\/ecovogue.art\/wp-content\/uploads\/2025\/08\/IMG_20250806_111241_355-1-300x135.png\" alt=\"\" width=\"300\" height=\"135\" srcset=\"https:\/\/ecovogue.art\/wp-content\/uploads\/2025\/08\/IMG_20250806_111241_355-1-300x135.png 300w, https:\/\/ecovogue.art\/wp-content\/uploads\/2025\/08\/IMG_20250806_111241_355-1-1024x461.png 1024w, https:\/\/ecovogue.art\/wp-content\/uploads\/2025\/08\/IMG_20250806_111241_355-1-768x346.png 768w, https:\/\/ecovogue.art\/wp-content\/uploads\/2025\/08\/IMG_20250806_111241_355-1-18x8.png 18w, https:\/\/ecovogue.art\/wp-content\/uploads\/2025\/08\/IMG_20250806_111241_355-1-600x270.png 600w, https:\/\/ecovogue.art\/wp-content\/uploads\/2025\/08\/IMG_20250806_111241_355-1.png 1080w\" sizes=\"auto, (max-width: 300px) 100vw, 300px\" \/><\/p>","protected":false},"excerpt":{"rendered":"<p>Bracelet 3 en 1 en perles artisanales \u2013 \u00c9l\u00e9gance, cr\u00e9ativit\u00e9 et polyvalence Apportez une touche unique \u00e0 votre look avec ce bracelet 3 en 1 en perles fait main, con\u00e7u pour les femmes qui aiment allier style, confort et originalit\u00e9. Chaque bracelet est soigneusement confectionn\u00e9 \u00e0 partir de perles color\u00e9es de qualit\u00e9, associ\u00e9es \u00e0 des [&hellip;]<\/p>","protected":false},"featured_media":85,"comment_status":"open","ping_status":"closed","template":"","meta":[],"product_brand":[45],"product_cat":[38],"product_tag":[],"class_list":{"0":"post-190","1":"product","2":"type-product","3":"status-publish","4":"has-post-thumbnail","6":"product_brand-ecovogue","7":"product_cat-bracelets-en-perles-simples","9":"first","10":"outofstock","11":"shipping-taxable","12":"product-type-variable"},"_links":{"self":[{"href":"https:\/\/ecovogue.art\/en\/wp-json\/wp\/v2\/product\/190","targetHints":{"allow":["GET"]}}],"collection":[{"href":"https:\/\/ecovogue.art\/en\/wp-json\/wp\/v2\/product"}],"about":[{"href":"https:\/\/ecovogue.art\/en\/wp-json\/wp\/v2\/types\/product"}],"replies":[{"embeddable":true,"href":"https:\/\/ecovogue.art\/en\/wp-json\/wp\/v2\/comments?post=190"}],"wp:featuredmedia":[{"embeddable":true,"href":"https:\/\/ecovogue.art\/en\/wp-json\/wp\/v2\/media\/85"}],"wp:attachment":[{"href":"https:\/\/ecovogue.art\/en\/wp-json\/wp\/v2\/media?parent=190"}],"wp:term":[{"taxonomy":"product_brand","embeddable":true,"href":"https:\/\/ecovogue.art\/en\/wp-json\/wp\/v2\/product_brand?post=190"},{"taxonomy":"product_cat","embeddable":true,"href":"https:\/\/ecovogue.art\/en\/wp-json\/wp\/v2\/product_cat?post=190"},{"taxonomy":"product_tag","embeddable":true,"href":"https:\/\/ecovogue.art\/en\/wp-json\/wp\/v2\/product_tag?post=190"}],"curies":[{"name":"wp","href":"https:\/\/api.w.org\/{rel}","templated":true}]}}