{"id":192,"date":"2025-08-14T09:19:36","date_gmt":"2025-08-14T09:19:36","guid":{"rendered":"https:\/\/ecovogue.art\/?post_type=product&#038;p=192"},"modified":"2025-08-14T09:19:36","modified_gmt":"2025-08-14T09:19:36","slug":"boucles-doreilles-afro-chic-chambre-a-air-recyclee-et-pagne-africain","status":"publish","type":"product","link":"https:\/\/ecovogue.art\/en\/product\/boucles-doreilles-afro-chic-chambre-a-air-recyclee-et-pagne-africain\/","title":{"rendered":"Boucles d\u2019oreilles Afro Chic  Chambre \u00e0 air recycl\u00e9e et pagne africain"},"content":{"rendered":"<p data-start=\"156\" data-end=\"481\">Affirmez votre style avec ces <strong data-start=\"186\" data-end=\"218\">boucles d\u2019oreilles Afro Chic<\/strong>, une cr\u00e9ation unique alliant <strong data-start=\"248\" data-end=\"264\">mode durable<\/strong> et <strong data-start=\"268\" data-end=\"289\">\u00e9l\u00e9gance ethnique<\/strong>. Confectionn\u00e9es \u00e0 la main \u00e0 partir de <strong data-start=\"328\" data-end=\"356\">chambres \u00e0 air recycl\u00e9es<\/strong> et sublim\u00e9es par un <strong data-start=\"377\" data-end=\"415\">pagne africain aux motifs vibrants<\/strong>, elles offrent un m\u00e9lange parfait entre modernit\u00e9 et tradition.<\/p>\n<p data-start=\"483\" data-end=\"752\">L\u00e9g\u00e8res et confortables, elles se portent facilement toute la journ\u00e9e, apportant \u00e0 vos tenues une touche <strong data-start=\"588\" data-end=\"630\">authentique, color\u00e9e et \u00e9coresponsable<\/strong>. Chaque paire est unique, refl\u00e9tant le <strong data-start=\"670\" data-end=\"696\">savoir-faire artisanal<\/strong> et la volont\u00e9 de donner une seconde vie aux mati\u00e8res.<\/p>\n<p data-start=\"754\" data-end=\"780\"><strong data-start=\"756\" data-end=\"778\"><img loading=\"lazy\" decoding=\"async\" class=\"alignnone size-medium wp-image-164\" src=\"https:\/\/ecovogue.art\/wp-content\/uploads\/2025\/08\/FB_IMG_1755078567226-300x300.jpg\" alt=\"\" width=\"300\" height=\"300\" srcset=\"https:\/\/ecovogue.art\/wp-content\/uploads\/2025\/08\/FB_IMG_1755078567226-300x300.jpg 300w, https:\/\/ecovogue.art\/wp-content\/uploads\/2025\/08\/FB_IMG_1755078567226-1024x1024.jpg 1024w, https:\/\/ecovogue.art\/wp-content\/uploads\/2025\/08\/FB_IMG_1755078567226-150x150.jpg 150w, https:\/\/ecovogue.art\/wp-content\/uploads\/2025\/08\/FB_IMG_1755078567226-768x768.jpg 768w, https:\/\/ecovogue.art\/wp-content\/uploads\/2025\/08\/FB_IMG_1755078567226-12x12.jpg 12w, https:\/\/ecovogue.art\/wp-content\/uploads\/2025\/08\/FB_IMG_1755078567226-600x600.jpg 600w, https:\/\/ecovogue.art\/wp-content\/uploads\/2025\/08\/FB_IMG_1755078567226-100x100.jpg 100w, https:\/\/ecovogue.art\/wp-content\/uploads\/2025\/08\/FB_IMG_1755078567226.jpg 1080w\" sizes=\"auto, (max-width: 300px) 100vw, 300px\" \/>Caract\u00e9ristiques :<\/strong><\/p>\n<ul data-start=\"781\" data-end=\"1052\">\n<li data-start=\"781\" data-end=\"851\">\n<p data-start=\"783\" data-end=\"851\">Mati\u00e8res : chambre \u00e0 air recycl\u00e9e &amp; pagne africain motif afro chic<\/p>\n<\/li>\n<li data-start=\"852\" data-end=\"885\">\n<p data-start=\"854\" data-end=\"885\">L\u00e9g\u00e8res et agr\u00e9ables \u00e0 porter<\/p>\n<\/li>\n<li data-start=\"886\" data-end=\"923\">\n<p data-start=\"888\" data-end=\"923\">Fabrication artisanale et \u00e9thique<\/p>\n<\/li>\n<li data-start=\"924\" data-end=\"981\">\n<p data-start=\"926\" data-end=\"981\">Design unique, chaque mod\u00e8le est l\u00e9g\u00e8rement diff\u00e9rent<\/p>\n<\/li>\n<li data-start=\"982\" data-end=\"1052\">\n<p data-start=\"984\" data-end=\"1052\">Convient pour toutes occasions : casual, chic ou \u00e9v\u00e9nement sp\u00e9cial<\/p>\n<\/li>\n<\/ul>\n<p data-start=\"1054\" data-end=\"1327\">","protected":false},"excerpt":{"rendered":"<p><img loading=\"lazy\" decoding=\"async\" class=\"alignnone size-medium wp-image-164\" src=\"https:\/\/ecovogue.art\/wp-content\/uploads\/2025\/08\/FB_IMG_1755078567226-300x300.jpg\" alt=\"\" width=\"300\" height=\"300\" srcset=\"https:\/\/ecovogue.art\/wp-content\/uploads\/2025\/08\/FB_IMG_1755078567226-300x300.jpg 300w, https:\/\/ecovogue.art\/wp-content\/uploads\/2025\/08\/FB_IMG_1755078567226-1024x1024.jpg 1024w, https:\/\/ecovogue.art\/wp-content\/uploads\/2025\/08\/FB_IMG_1755078567226-150x150.jpg 150w, https:\/\/ecovogue.art\/wp-content\/uploads\/2025\/08\/FB_IMG_1755078567226-768x768.jpg 768w, https:\/\/ecovogue.art\/wp-content\/uploads\/2025\/08\/FB_IMG_1755078567226-12x12.jpg 12w, https:\/\/ecovogue.art\/wp-content\/uploads\/2025\/08\/FB_IMG_1755078567226-600x600.jpg 600w, https:\/\/ecovogue.art\/wp-content\/uploads\/2025\/08\/FB_IMG_1755078567226-100x100.jpg 100w, https:\/\/ecovogue.art\/wp-content\/uploads\/2025\/08\/FB_IMG_1755078567226.jpg 1080w\" sizes=\"auto, (max-width: 300px) 100vw, 300px\" \/> <img loading=\"lazy\" decoding=\"async\" class=\"alignnone size-medium wp-image-165\" src=\"https:\/\/ecovogue.art\/wp-content\/uploads\/2025\/08\/FB_IMG_1755078571730-300x300.jpg\" alt=\"\" width=\"300\" height=\"300\" srcset=\"https:\/\/ecovogue.art\/wp-content\/uploads\/2025\/08\/FB_IMG_1755078571730-300x300.jpg 300w, https:\/\/ecovogue.art\/wp-content\/uploads\/2025\/08\/FB_IMG_1755078571730-1024x1024.jpg 1024w, https:\/\/ecovogue.art\/wp-content\/uploads\/2025\/08\/FB_IMG_1755078571730-150x150.jpg 150w, https:\/\/ecovogue.art\/wp-content\/uploads\/2025\/08\/FB_IMG_1755078571730-768x768.jpg 768w, https:\/\/ecovogue.art\/wp-content\/uploads\/2025\/08\/FB_IMG_1755078571730-12x12.jpg 12w, https:\/\/ecovogue.art\/wp-content\/uploads\/2025\/08\/FB_IMG_1755078571730-600x600.jpg 600w, https:\/\/ecovogue.art\/wp-content\/uploads\/2025\/08\/FB_IMG_1755078571730-100x100.jpg 100w, https:\/\/ecovogue.art\/wp-content\/uploads\/2025\/08\/FB_IMG_1755078571730.jpg 1080w\" sizes=\"auto, (max-width: 300px) 100vw, 300px\" \/><\/p>","protected":false},"featured_media":165,"comment_status":"open","ping_status":"closed","template":"","meta":[],"product_brand":[45],"product_cat":[37],"product_tag":[56,58,59],"class_list":{"0":"post-192","1":"product","2":"type-product","3":"status-publish","4":"has-post-thumbnail","6":"product_brand-ecovogue","7":"product_cat-accessoires-a-base-de-chambres-a-air-recyclees","8":"product_tag-boucle-doreilles-fantaistes","9":"product_tag-boucles-doreilles-a-base-de-chambres-a-air-recyclees-au-benin","10":"product_tag-boucles-doreilles-fantaisistes-au-benin","12":"first","13":"instock","14":"sale","15":"shipping-taxable","16":"purchasable","17":"product-type-simple"},"_links":{"self":[{"href":"https:\/\/ecovogue.art\/en\/wp-json\/wp\/v2\/product\/192","targetHints":{"allow":["GET"]}}],"collection":[{"href":"https:\/\/ecovogue.art\/en\/wp-json\/wp\/v2\/product"}],"about":[{"href":"https:\/\/ecovogue.art\/en\/wp-json\/wp\/v2\/types\/product"}],"replies":[{"embeddable":true,"href":"https:\/\/ecovogue.art\/en\/wp-json\/wp\/v2\/comments?post=192"}],"wp:featuredmedia":[{"embeddable":true,"href":"https:\/\/ecovogue.art\/en\/wp-json\/wp\/v2\/media\/165"}],"wp:attachment":[{"href":"https:\/\/ecovogue.art\/en\/wp-json\/wp\/v2\/media?parent=192"}],"wp:term":[{"taxonomy":"product_brand","embeddable":true,"href":"https:\/\/ecovogue.art\/en\/wp-json\/wp\/v2\/product_brand?post=192"},{"taxonomy":"product_cat","embeddable":true,"href":"https:\/\/ecovogue.art\/en\/wp-json\/wp\/v2\/product_cat?post=192"},{"taxonomy":"product_tag","embeddable":true,"href":"https:\/\/ecovogue.art\/en\/wp-json\/wp\/v2\/product_tag?post=192"}],"curies":[{"name":"wp","href":"https:\/\/api.w.org\/{rel}","templated":true}]}}