{"id":94,"date":"2025-08-12T21:47:21","date_gmt":"2025-08-12T21:47:21","guid":{"rendered":"https:\/\/ecovogue.art\/?post_type=product&#038;p=94"},"modified":"2025-08-12T21:47:22","modified_gmt":"2025-08-12T21:47:22","slug":"bracelet-oeil-de-fatima-protection-chance-elegance","status":"publish","type":"product","link":"https:\/\/ecovogue.art\/en\/product\/bracelet-oeil-de-fatima-protection-chance-elegance\/","title":{"rendered":"Bracelet \u0152il de Fatima \u2013 Protection, Chance &#038; \u00c9l\u00e9gance"},"content":{"rendered":"<p data-start=\"505\" data-end=\"726\">Offrez-vous bien plus qu\u2019un simple accessoire : le <strong data-start=\"556\" data-end=\"582\">bracelet \u0152il de Fatima<\/strong>, \u00e9galement appel\u00e9 <strong data-start=\"601\" data-end=\"618\">Main de Fatma<\/strong>, est un bracelet reconnu depuis des si\u00e8cles pour ses <strong data-start=\"672\" data-end=\"695\">vertus protectrices<\/strong> et son <strong data-start=\"703\" data-end=\"723\">\u00e9nergie positive<\/strong>.<\/p>\n<p data-start=\"728\" data-end=\"759\"><strong data-start=\"731\" data-end=\"755\">Vertus et propri\u00e9t\u00e9s<\/strong> :<\/p>\n<ul data-start=\"760\" data-end=\"971\">\n<li data-start=\"760\" data-end=\"828\">\n<p data-start=\"762\" data-end=\"828\"><strong data-start=\"762\" data-end=\"798\">Protection contre le mauvais \u0153il<\/strong> et les influences n\u00e9gatives<\/p>\n<\/li>\n<li data-start=\"829\" data-end=\"877\">\n<p data-start=\"831\" data-end=\"877\"><strong data-start=\"831\" data-end=\"851\">Attire la chance<\/strong> et favorise la r\u00e9ussite<\/p>\n<\/li>\n<li data-start=\"878\" data-end=\"921\">\n<p data-start=\"880\" data-end=\"921\">Apporte <strong data-start=\"888\" data-end=\"907\">paix int\u00e9rieure<\/strong> et s\u00e9r\u00e9nit\u00e9<\/p>\n<\/li>\n<li data-start=\"922\" data-end=\"971\">\n<p data-start=\"924\" data-end=\"971\">Stimule la <strong data-start=\"935\" data-end=\"955\">confiance en soi<\/strong> et l\u2019harmonie<\/p>\n<\/li>\n<\/ul>\n<p data-start=\"973\" data-end=\"1006\"><strong data-start=\"975\" data-end=\"1002\">Pourquoi vous l\u2019aimerez<\/strong> :<\/p>\n<ul data-start=\"1007\" data-end=\"1192\">\n<li data-start=\"1007\" data-end=\"1066\">\n<p data-start=\"1009\" data-end=\"1066\">Design \u00e9l\u00e9gant et universel, adapt\u00e9 \u00e0 toutes les tenues<\/p>\n<\/li>\n<li data-start=\"1067\" data-end=\"1105\">\n<p data-start=\"1069\" data-end=\"1105\">Bijou spirituel au symbolisme fort<\/p>\n<\/li>\n<li data-start=\"1106\" data-end=\"1144\">\n<p data-start=\"1108\" data-end=\"1144\">Parfait comme cadeau porte-bonheur<\/p>\n<\/li>\n<li data-start=\"1145\" data-end=\"1192\">\n<p data-start=\"1147\" data-end=\"1192\">Fabrication soign\u00e9e pour un confort optimal<\/p>\n<\/li>\n<\/ul>\n<p data-start=\"1194\" data-end=\"1314\">Ce bracelet est bien plus qu\u2019un bijou : c\u2019est un <strong data-start=\"1243\" data-end=\"1265\">alli\u00e9 du quotidien<\/strong> qui vous accompagne dans toutes vos aventures.<\/p>","protected":false},"excerpt":{"rendered":"<p><img loading=\"lazy\" decoding=\"async\" class=\"alignnone size-medium wp-image-95\" src=\"https:\/\/ecovogue.art\/wp-content\/uploads\/2025\/08\/IMG_20250810_103912_466-1-300x135.png\" alt=\"\" width=\"300\" height=\"135\" srcset=\"https:\/\/ecovogue.art\/wp-content\/uploads\/2025\/08\/IMG_20250810_103912_466-1-300x135.png 300w, https:\/\/ecovogue.art\/wp-content\/uploads\/2025\/08\/IMG_20250810_103912_466-1-1024x461.png 1024w, https:\/\/ecovogue.art\/wp-content\/uploads\/2025\/08\/IMG_20250810_103912_466-1-768x346.png 768w, https:\/\/ecovogue.art\/wp-content\/uploads\/2025\/08\/IMG_20250810_103912_466-1-18x8.png 18w, https:\/\/ecovogue.art\/wp-content\/uploads\/2025\/08\/IMG_20250810_103912_466-1-600x270.png 600w, https:\/\/ecovogue.art\/wp-content\/uploads\/2025\/08\/IMG_20250810_103912_466-1.png 1080w\" sizes=\"auto, (max-width: 300px) 100vw, 300px\" \/><\/p>","protected":false},"featured_media":95,"comment_status":"open","ping_status":"closed","template":"","meta":[],"product_brand":[45],"product_cat":[15],"product_tag":[],"class_list":{"0":"post-94","1":"product","2":"type-product","3":"status-publish","4":"has-post-thumbnail","6":"product_brand-ecovogue","7":"product_cat-uncategorized","9":"first","10":"instock","11":"sale","12":"shipping-taxable","13":"purchasable","14":"product-type-simple"},"_links":{"self":[{"href":"https:\/\/ecovogue.art\/en\/wp-json\/wp\/v2\/product\/94","targetHints":{"allow":["GET"]}}],"collection":[{"href":"https:\/\/ecovogue.art\/en\/wp-json\/wp\/v2\/product"}],"about":[{"href":"https:\/\/ecovogue.art\/en\/wp-json\/wp\/v2\/types\/product"}],"replies":[{"embeddable":true,"href":"https:\/\/ecovogue.art\/en\/wp-json\/wp\/v2\/comments?post=94"}],"wp:featuredmedia":[{"embeddable":true,"href":"https:\/\/ecovogue.art\/en\/wp-json\/wp\/v2\/media\/95"}],"wp:attachment":[{"href":"https:\/\/ecovogue.art\/en\/wp-json\/wp\/v2\/media?parent=94"}],"wp:term":[{"taxonomy":"product_brand","embeddable":true,"href":"https:\/\/ecovogue.art\/en\/wp-json\/wp\/v2\/product_brand?post=94"},{"taxonomy":"product_cat","embeddable":true,"href":"https:\/\/ecovogue.art\/en\/wp-json\/wp\/v2\/product_cat?post=94"},{"taxonomy":"product_tag","embeddable":true,"href":"https:\/\/ecovogue.art\/en\/wp-json\/wp\/v2\/product_tag?post=94"}],"curies":[{"name":"wp","href":"https:\/\/api.w.org\/{rel}","templated":true}]}}