{"id":96,"date":"2025-08-12T21:54:31","date_gmt":"2025-08-12T21:54:31","guid":{"rendered":"https:\/\/ecovogue.art\/?post_type=product&#038;p=96"},"modified":"2025-08-12T21:54:31","modified_gmt":"2025-08-12T21:54:31","slug":"bracelet-pierre-de-lune-feminite-intuition-harmonie","status":"publish","type":"product","link":"https:\/\/ecovogue.art\/en\/product\/bracelet-pierre-de-lune-feminite-intuition-harmonie\/","title":{"rendered":"Bracelet Pierre de Lune \u2013 F\u00e9minit\u00e9, Intuition &#038; Harmonie"},"content":{"rendered":"<p data-start=\"510\" data-end=\"681\">Offrez-vous l\u2019\u00e9l\u00e9gance et la puissance naturelle de la <strong data-start=\"565\" data-end=\"583\">pierre de lune<\/strong>, gemme pr\u00e9cieuse connue pour ses vertus apaisantes et son lien profond avec l\u2019\u00e9nergie f\u00e9minine.<\/p>\n<p data-start=\"683\" data-end=\"714\">\ud83d\udc8e <strong data-start=\"686\" data-end=\"710\">Vertus et propri\u00e9t\u00e9s<\/strong> :<\/p>\n<ul data-start=\"715\" data-end=\"993\">\n<li data-start=\"715\" data-end=\"764\">\n<p data-start=\"717\" data-end=\"764\"><strong data-start=\"717\" data-end=\"741\">\u00c9quilibre \u00e9motionnel<\/strong> et gestion du stress<\/p>\n<\/li>\n<li data-start=\"765\" data-end=\"812\">\n<p data-start=\"767\" data-end=\"812\">Renforce l\u2019<strong data-start=\"778\" data-end=\"791\">intuition<\/strong> et la clairvoyance<\/p>\n<\/li>\n<li data-start=\"813\" data-end=\"875\">\n<p data-start=\"815\" data-end=\"875\">Favorise la <strong data-start=\"827\" data-end=\"840\">fertilit\u00e9<\/strong> et l\u2019harmonie dans les relations<\/p>\n<\/li>\n<li data-start=\"876\" data-end=\"934\">\n<p data-start=\"878\" data-end=\"934\">Aide \u00e0 retrouver la <strong data-start=\"898\" data-end=\"917\">paix int\u00e9rieure<\/strong> et la s\u00e9r\u00e9nit\u00e9<\/p>\n<\/li>\n<li data-start=\"935\" data-end=\"993\">\n<p data-start=\"937\" data-end=\"993\">Stimule la <strong data-start=\"948\" data-end=\"962\">cr\u00e9ativit\u00e9<\/strong> et la sensibilit\u00e9 artistique<\/p>\n<\/li>\n<\/ul>\n<p data-start=\"995\" data-end=\"1028\">\u2728 <strong data-start=\"997\" data-end=\"1024\">Pourquoi vous l\u2019aimerez<\/strong> :<\/p>\n<ul data-start=\"1029\" data-end=\"1237\">\n<li data-start=\"1029\" data-end=\"1086\">\n<p data-start=\"1031\" data-end=\"1086\">Pierre naturelle aux reflets myst\u00e9rieux et changeants<\/p>\n<\/li>\n<li data-start=\"1087\" data-end=\"1144\">\n<p data-start=\"1089\" data-end=\"1144\">Bijou intemporel qui s\u2019accorde avec toutes les tenues<\/p>\n<\/li>\n<li data-start=\"1145\" data-end=\"1189\">\n<p data-start=\"1147\" data-end=\"1189\">Symbolisme puissant, parfait pour offrir<\/p>\n<\/li>\n<li data-start=\"1190\" data-end=\"1237\">\n<p data-start=\"1192\" data-end=\"1237\">Fabrication soign\u00e9e pour un confort optimal<\/p>\n<\/li>\n<\/ul>\n<p data-start=\"1239\" data-end=\"1355\">Ce bracelet est bien plus qu\u2019un simple accessoire : c\u2019est un <strong data-start=\"1300\" data-end=\"1352\">alli\u00e9 de votre bien-\u00eatre \u00e9motionnel et spirituel<\/strong>.<\/p>\n<hr data-start=\"1357\" data-end=\"1360\" \/>\n<h2 data-start=\"1362\" data-end=\"1387\"><strong data-start=\"1365\" data-end=\"1385\">Caract\u00e9ristiques<\/strong><\/h2>\n<ul data-start=\"1388\" data-end=\"1579\">\n<li data-start=\"1388\" data-end=\"1425\">\n<p data-start=\"1390\" data-end=\"1425\">Pierre : Pierre de Lune naturelle<\/p>\n<\/li>\n<li data-start=\"1426\" data-end=\"1462\">\n<p data-start=\"1428\" data-end=\"1462\">Taille : Ajustable \/ Universelle<\/p>\n<\/li>\n<li data-start=\"1463\" data-end=\"1525\">\n<p data-start=\"1465\" data-end=\"1525\">Couleurs : Reflets nacr\u00e9s aux tons blancs, gris et bleut\u00e9s<\/p>\n<\/li>\n<li data-start=\"1526\" data-end=\"1579\">\n<p data-start=\"1528\" data-end=\"1579\">\u00a0Montage :ELASTIQUE<\/p>\n<\/li>\n<\/ul>","protected":false},"excerpt":{"rendered":"<p><img loading=\"lazy\" decoding=\"async\" class=\"alignnone size-medium wp-image-77\" src=\"https:\/\/ecovogue.art\/wp-content\/uploads\/2025\/08\/IMG_20250810_104209_173-2-300x135.png\" alt=\"\" width=\"300\" height=\"135\" srcset=\"https:\/\/ecovogue.art\/wp-content\/uploads\/2025\/08\/IMG_20250810_104209_173-2-300x135.png 300w, https:\/\/ecovogue.art\/wp-content\/uploads\/2025\/08\/IMG_20250810_104209_173-2-1024x461.png 1024w, https:\/\/ecovogue.art\/wp-content\/uploads\/2025\/08\/IMG_20250810_104209_173-2-768x346.png 768w, https:\/\/ecovogue.art\/wp-content\/uploads\/2025\/08\/IMG_20250810_104209_173-2-18x8.png 18w, https:\/\/ecovogue.art\/wp-content\/uploads\/2025\/08\/IMG_20250810_104209_173-2-600x270.png 600w, https:\/\/ecovogue.art\/wp-content\/uploads\/2025\/08\/IMG_20250810_104209_173-2.png 1080w\" sizes=\"auto, (max-width: 300px) 100vw, 300px\" \/><\/p>","protected":false},"featured_media":77,"comment_status":"open","ping_status":"closed","template":"","meta":[],"product_brand":[],"product_cat":[15],"product_tag":[],"class_list":{"0":"post-96","1":"product","2":"type-product","3":"status-publish","4":"has-post-thumbnail","6":"product_cat-uncategorized","8":"first","9":"instock","10":"sale","11":"shipping-taxable","12":"purchasable","13":"product-type-simple"},"_links":{"self":[{"href":"https:\/\/ecovogue.art\/en\/wp-json\/wp\/v2\/product\/96","targetHints":{"allow":["GET"]}}],"collection":[{"href":"https:\/\/ecovogue.art\/en\/wp-json\/wp\/v2\/product"}],"about":[{"href":"https:\/\/ecovogue.art\/en\/wp-json\/wp\/v2\/types\/product"}],"replies":[{"embeddable":true,"href":"https:\/\/ecovogue.art\/en\/wp-json\/wp\/v2\/comments?post=96"}],"wp:featuredmedia":[{"embeddable":true,"href":"https:\/\/ecovogue.art\/en\/wp-json\/wp\/v2\/media\/77"}],"wp:attachment":[{"href":"https:\/\/ecovogue.art\/en\/wp-json\/wp\/v2\/media?parent=96"}],"wp:term":[{"taxonomy":"product_brand","embeddable":true,"href":"https:\/\/ecovogue.art\/en\/wp-json\/wp\/v2\/product_brand?post=96"},{"taxonomy":"product_cat","embeddable":true,"href":"https:\/\/ecovogue.art\/en\/wp-json\/wp\/v2\/product_cat?post=96"},{"taxonomy":"product_tag","embeddable":true,"href":"https:\/\/ecovogue.art\/en\/wp-json\/wp\/v2\/product_tag?post=96"}],"curies":[{"name":"wp","href":"https:\/\/api.w.org\/{rel}","templated":true}]}}